{"id":8034,"date":"2024-04-24T13:11:41","date_gmt":"2024-04-24T10:11:41","guid":{"rendered":"https:\/\/torunmetal.com\/?page_id=8034"},"modified":"2024-05-29T21:36:41","modified_gmt":"2024-05-29T18:36:41","slug":"etik","status":"publish","type":"page","link":"https:\/\/torunmetal.com\/tr\/etik\/","title":{"rendered":"Etik"},"content":{"rendered":"<div data-elementor-type=\"wp-page\" data-elementor-id=\"8034\" class=\"elementor elementor-8034\" data-elementor-post-type=\"page\">\n\t\t\t\t<div class=\"elementor-element elementor-element-db3078a e-con-full e-flex e-con e-parent\" data-id=\"db3078a\" data-element_type=\"container\" data-e-type=\"container\" data-settings=\"{&quot;ekit_has_onepagescroll_dot&quot;:&quot;yes&quot;}\">\n\t\t<div class=\"elementor-element elementor-element-1c19119 e-con-full e-flex e-con e-child\" data-id=\"1c19119\" data-element_type=\"container\" data-e-type=\"container\" data-settings=\"{&quot;background_background&quot;:&quot;classic&quot;,&quot;ekit_has_onepagescroll_dot&quot;:&quot;yes&quot;}\">\n\t\t\t\t<div class=\"elementor-element elementor-element-6526614 animated-fast elementor-widget elementor-widget-heading\" data-id=\"6526614\" data-element_type=\"widget\" data-e-type=\"widget\" data-settings=\"{&quot;_animation&quot;:&quot;none&quot;,&quot;_animation_delay&quot;:200,&quot;_animation_mobile&quot;:&quot;none&quot;,&quot;ekit_we_effect_on&quot;:&quot;none&quot;}\" data-widget_type=\"heading.default\">\n\t\t\t\t<div class=\"elementor-widget-container\">\n\t\t\t\t\t<h1 class=\"elementor-heading-title elementor-size-default\">TORUN'da Etik<\/h1>\t\t\t\t<\/div>\n\t\t\t\t<\/div>\n\t\t\t\t<\/div>\n\t\t\t\t<\/div>\n\t\t<div class=\"elementor-element elementor-element-935bc3a e-con-full e-flex e-con e-parent\" data-id=\"935bc3a\" data-element_type=\"container\" data-e-type=\"container\" data-settings=\"{&quot;ekit_has_onepagescroll_dot&quot;:&quot;yes&quot;}\">\n\t\t<div class=\"elementor-element elementor-element-433aea9 e-con-full e-flex e-con e-child\" data-id=\"433aea9\" data-element_type=\"container\" data-e-type=\"container\" data-settings=\"{&quot;ekit_has_onepagescroll_dot&quot;:&quot;yes&quot;}\">\n\t\t\t\t<div class=\"elementor-element elementor-element-c7b6ee2 elementor-widget elementor-widget-text-editor\" data-id=\"c7b6ee2\" data-element_type=\"widget\" data-e-type=\"widget\" data-settings=\"{&quot;ekit_we_effect_on&quot;:&quot;none&quot;}\" data-widget_type=\"text-editor.default\">\n\t\t\t\t<div class=\"elementor-widget-container\">\n\t\t\t\t\t\t\t\t\t<p>TORUN, Etik Kurallar\u0131&#8217;na ayk\u0131r\u0131 durumlar\u0131n ihbar edilmesini te\u015fvik etmekte ve desteklemektedir. Etik Kurallar\u0131na ayk\u0131r\u0131l\u0131k te\u015fkil eden durumlar\u0131n bildirilebilmesi i\u00e7in \u201cTORUN Etik \u0130hbar Hatt\u0131\u201d olu\u015fturulmu\u015ftur.<\/p><p>Etik \u0130hbar Hatt\u0131na gelen t\u00fcm ihbarlara ili\u015fkin olarak KVKK kapsam\u0131nda azami gizlilik esaslar\u0131na g\u00f6re i\u015flem yap\u0131l\u0131r. \u0130hbarlar yetkisiz 3. ki\u015filerle kesinlikle payla\u015f\u0131lmaz.<\/p>\t\t\t\t\t\t\t\t<\/div>\n\t\t\t\t<\/div>\n\t\t\t\t<\/div>\n\t\t\t\t<\/div>\n\t\t<div class=\"elementor-element elementor-element-df923d4 e-con-full e-flex e-con e-parent\" data-id=\"df923d4\" data-element_type=\"container\" data-e-type=\"container\" data-settings=\"{&quot;background_background&quot;:&quot;classic&quot;,&quot;ekit_has_onepagescroll_dot&quot;:&quot;yes&quot;}\">\n\t\t<div class=\"elementor-element elementor-element-b273b5a e-con-full e-flex e-con e-child\" data-id=\"b273b5a\" data-element_type=\"container\" data-e-type=\"container\" data-settings=\"{&quot;ekit_has_onepagescroll_dot&quot;:&quot;yes&quot;}\">\n\t\t\t\t<div class=\"elementor-element elementor-element-14fa52f elementor-widget elementor-widget-heading\" data-id=\"14fa52f\" data-element_type=\"widget\" data-e-type=\"widget\" data-settings=\"{&quot;ekit_we_effect_on&quot;:&quot;none&quot;}\" data-widget_type=\"heading.default\">\n\t\t\t\t<div class=\"elementor-widget-container\">\n\t\t\t\t\t<h2 class=\"elementor-heading-title elementor-size-default\">TORUN Etik \u0130hbar Hatt\u0131'na Nas\u0131l Bildirim Yap\u0131l\u0131r?<\/h2>\t\t\t\t<\/div>\n\t\t\t\t<\/div>\n\t\t<div class=\"elementor-element elementor-element-53635be e-con-full e-flex e-con e-child\" data-id=\"53635be\" data-element_type=\"container\" data-e-type=\"container\" data-settings=\"{&quot;ekit_has_onepagescroll_dot&quot;:&quot;yes&quot;}\">\n\t\t<div class=\"elementor-element elementor-element-3183f2e e-con-full e-flex e-con e-child\" data-id=\"3183f2e\" data-element_type=\"container\" data-e-type=\"container\" data-settings=\"{&quot;ekit_has_onepagescroll_dot&quot;:&quot;yes&quot;}\">\n\t\t\t\t<div class=\"elementor-element elementor-element-c161a01 elementor-view-default elementor-position-block-start elementor-mobile-position-block-start elementor-widget elementor-widget-icon-box\" data-id=\"c161a01\" data-element_type=\"widget\" data-e-type=\"widget\" data-settings=\"{&quot;ekit_we_effect_on&quot;:&quot;none&quot;}\" data-widget_type=\"icon-box.default\">\n\t\t\t\t<div class=\"elementor-widget-container\">\n\t\t\t\t\t\t\t<div class=\"elementor-icon-box-wrapper\">\n\n\t\t\t\t\t\t<div class=\"elementor-icon-box-icon\">\n\t\t\t\t<span  class=\"elementor-icon\">\n\t\t\t\t<i aria-hidden=\"true\" class=\"icon icon-email\"><\/i>\t\t\t\t<\/span>\n\t\t\t<\/div>\n\t\t\t\n\t\t\t\t\t\t<div class=\"elementor-icon-box-content\">\n\n\t\t\t\t\n\t\t\t\t\t\t\t\t\t<p class=\"elementor-icon-box-description\">\n\t\t\t\t\t\tetik@torunmetal.com adresine e-posta atabilir,\t\t\t\t\t<\/p>\n\t\t\t\t\n\t\t\t<\/div>\n\t\t\t\n\t\t<\/div>\n\t\t\t\t\t\t<\/div>\n\t\t\t\t<\/div>\n\t\t\t\t<\/div>\n\t\t<div class=\"elementor-element elementor-element-98fc038 e-con-full e-flex e-con e-child\" data-id=\"98fc038\" data-element_type=\"container\" data-e-type=\"container\" data-settings=\"{&quot;ekit_has_onepagescroll_dot&quot;:&quot;yes&quot;}\">\n\t\t\t\t<div class=\"elementor-element elementor-element-a3df431 elementor-view-default elementor-position-block-start elementor-mobile-position-block-start elementor-widget elementor-widget-icon-box\" data-id=\"a3df431\" data-element_type=\"widget\" data-e-type=\"widget\" data-settings=\"{&quot;ekit_we_effect_on&quot;:&quot;none&quot;}\" data-widget_type=\"icon-box.default\">\n\t\t\t\t<div class=\"elementor-widget-container\">\n\t\t\t\t\t\t\t<div class=\"elementor-icon-box-wrapper\">\n\n\t\t\t\t\t\t<div class=\"elementor-icon-box-icon\">\n\t\t\t\t<span  class=\"elementor-icon\">\n\t\t\t\t<i aria-hidden=\"true\" class=\"icon icon-internet\"><\/i>\t\t\t\t<\/span>\n\t\t\t<\/div>\n\t\t\t\n\t\t\t\t\t\t<div class=\"elementor-icon-box-content\">\n\n\t\t\t\t\n\t\t\t\t\t\t\t\t\t<p class=\"elementor-icon-box-description\">\n\t\t\t\t\t\ttorunmetal.com\/etik adresine giderek web sitemiz \u00fczerinden etik ihbar formunu doldurabilir,\t\t\t\t\t<\/p>\n\t\t\t\t\n\t\t\t<\/div>\n\t\t\t\n\t\t<\/div>\n\t\t\t\t\t\t<\/div>\n\t\t\t\t<\/div>\n\t\t\t\t<\/div>\n\t\t<div class=\"elementor-element elementor-element-e7ce7e4 e-con-full e-flex e-con e-child\" data-id=\"e7ce7e4\" data-element_type=\"container\" data-e-type=\"container\" data-settings=\"{&quot;ekit_has_onepagescroll_dot&quot;:&quot;yes&quot;}\">\n\t\t\t\t<div class=\"elementor-element elementor-element-2117ebc elementor-view-default elementor-position-block-start elementor-mobile-position-block-start elementor-widget elementor-widget-icon-box\" data-id=\"2117ebc\" data-element_type=\"widget\" data-e-type=\"widget\" data-settings=\"{&quot;ekit_we_effect_on&quot;:&quot;none&quot;}\" data-widget_type=\"icon-box.default\">\n\t\t\t\t<div class=\"elementor-widget-container\">\n\t\t\t\t\t\t\t<div class=\"elementor-icon-box-wrapper\">\n\n\t\t\t\t\t\t<div class=\"elementor-icon-box-icon\">\n\t\t\t\t<span  class=\"elementor-icon\">\n\t\t\t\t<i aria-hidden=\"true\" class=\"icon icon-edit1\"><\/i>\t\t\t\t<\/span>\n\t\t\t<\/div>\n\t\t\t\n\t\t\t\t\t\t<div class=\"elementor-icon-box-content\">\n\n\t\t\t\t\n\t\t\t\t\t\t\t\t\t<p class=\"elementor-icon-box-description\">\n\t\t\t\t\t\tTORUN Etik Kurulu\u2019na sevk edilmek \u00fczere Grup \u0130\u00e7 Denetim B\u00f6l\u00fcm\u00fc\u2019ne yaz\u0131l\u0131 olarak ba\u015fvuru yapabilirsiniz.\t\t\t\t\t<\/p>\n\t\t\t\t\n\t\t\t<\/div>\n\t\t\t\n\t\t<\/div>\n\t\t\t\t\t\t<\/div>\n\t\t\t\t<\/div>\n\t\t\t\t<\/div>\n\t\t\t\t<\/div>\n\t\t<div class=\"elementor-element elementor-element-aa7724f e-con-full e-flex e-con e-child\" data-id=\"aa7724f\" data-element_type=\"container\" data-e-type=\"container\" data-settings=\"{&quot;ekit_has_onepagescroll_dot&quot;:&quot;yes&quot;}\">\n\t\t<div class=\"elementor-element elementor-element-f172f8c e-con-full e-flex e-con e-child\" data-id=\"f172f8c\" data-element_type=\"container\" data-e-type=\"container\" data-settings=\"{&quot;ekit_has_onepagescroll_dot&quot;:&quot;yes&quot;}\">\n\t\t\t\t<div class=\"elementor-element elementor-element-ce4c75a elementor-align-center elementor-widget elementor-widget-button\" data-id=\"ce4c75a\" data-element_type=\"widget\" data-e-type=\"widget\" data-settings=\"{&quot;ekit_we_effect_on&quot;:&quot;none&quot;}\" data-widget_type=\"button.default\">\n\t\t\t\t<div class=\"elementor-widget-container\">\n\t\t\t\t\t\t\t\t\t<div class=\"elementor-button-wrapper\">\n\t\t\t\t\t<a class=\"elementor-button elementor-button-link elementor-size-sm\" href=\"mailto:etik@torunmetal.com\">\n\t\t\t\t\t\t<span class=\"elementor-button-content-wrapper\">\n\t\t\t\t\t\t\t\t\t<span class=\"elementor-button-text\">E-mail G\u00f6nder<\/span>\n\t\t\t\t\t<\/span>\n\t\t\t\t\t<\/a>\n\t\t\t\t<\/div>\n\t\t\t\t\t\t\t\t<\/div>\n\t\t\t\t<\/div>\n\t\t\t\t<\/div>\n\t\t<div class=\"elementor-element elementor-element-c46f1d7 e-con-full e-flex e-con e-child\" data-id=\"c46f1d7\" data-element_type=\"container\" data-e-type=\"container\" data-settings=\"{&quot;ekit_has_onepagescroll_dot&quot;:&quot;yes&quot;}\">\n\t\t\t\t<div class=\"elementor-element elementor-element-2e2cbd7 elementor-align-center elementor-widget elementor-widget-button\" data-id=\"2e2cbd7\" data-element_type=\"widget\" data-e-type=\"widget\" data-settings=\"{&quot;ekit_we_effect_on&quot;:&quot;none&quot;}\" data-widget_type=\"button.default\">\n\t\t\t\t<div class=\"elementor-widget-container\">\n\t\t\t\t\t\t\t\t\t<div class=\"elementor-button-wrapper\">\n\t\t\t\t\t<a class=\"elementor-button elementor-button-link elementor-size-sm\" href=\"https:\/\/torunmetal.com\/tr\/etik-ihbar\/\">\n\t\t\t\t\t\t<span class=\"elementor-button-content-wrapper\">\n\t\t\t\t\t\t\t\t\t<span class=\"elementor-button-text\">Etik \u0130hbar Formu'na Git<\/span>\n\t\t\t\t\t<\/span>\n\t\t\t\t\t<\/a>\n\t\t\t\t<\/div>\n\t\t\t\t\t\t\t\t<\/div>\n\t\t\t\t<\/div>\n\t\t\t\t<\/div>\n\t\t<div class=\"elementor-element elementor-element-9517ad5 e-con-full e-flex e-con e-child\" data-id=\"9517ad5\" data-element_type=\"container\" data-e-type=\"container\" data-settings=\"{&quot;ekit_has_onepagescroll_dot&quot;:&quot;yes&quot;}\">\n\t\t\t\t<\/div>\n\t\t\t\t<\/div>\n\t\t\t\t<\/div>\n\t\t\t\t<\/div>\n\t\t<div class=\"elementor-element elementor-element-cdf93a0 e-con-full e-flex e-con e-parent\" data-id=\"cdf93a0\" data-element_type=\"container\" data-e-type=\"container\" data-settings=\"{&quot;ekit_has_onepagescroll_dot&quot;:&quot;yes&quot;}\">\n\t\t<div class=\"elementor-element elementor-element-1485ea0 e-con-full e-flex e-con e-child\" data-id=\"1485ea0\" data-element_type=\"container\" data-e-type=\"container\" data-settings=\"{&quot;ekit_has_onepagescroll_dot&quot;:&quot;yes&quot;}\">\n\t\t\t\t<div class=\"elementor-element elementor-element-abe08ae elementor-widget elementor-widget-heading\" data-id=\"abe08ae\" data-element_type=\"widget\" data-e-type=\"widget\" data-settings=\"{&quot;ekit_we_effect_on&quot;:&quot;none&quot;}\" data-widget_type=\"heading.default\">\n\t\t\t\t<div class=\"elementor-widget-container\">\n\t\t\t\t\t<h2 class=\"elementor-heading-title elementor-size-default\">Sizden Ne Bekleniyor?<\/h2>\t\t\t\t<\/div>\n\t\t\t\t<\/div>\n\t\t<div class=\"elementor-element elementor-element-e522cab e-con-full e-flex e-con e-child\" data-id=\"e522cab\" data-element_type=\"container\" data-e-type=\"container\" data-settings=\"{&quot;ekit_has_onepagescroll_dot&quot;:&quot;yes&quot;}\">\n\t\t<div class=\"elementor-element elementor-element-9342ffb e-con-full e-flex e-con e-child\" data-id=\"9342ffb\" data-element_type=\"container\" data-e-type=\"container\" data-settings=\"{&quot;ekit_has_onepagescroll_dot&quot;:&quot;yes&quot;}\">\n\t\t\t\t<div class=\"elementor-element elementor-element-19cc1b4 elementor-widget elementor-widget-text-editor\" data-id=\"19cc1b4\" data-element_type=\"widget\" data-e-type=\"widget\" data-settings=\"{&quot;ekit_we_effect_on&quot;:&quot;none&quot;}\" data-widget_type=\"text-editor.default\">\n\t\t\t\t<div class=\"elementor-widget-container\">\n\t\t\t\t\t\t\t\t\t<p>TORUN y\u00f6neticileri, \u00e7al\u0131\u015fanlar\u0131 veya d\u0131\u015f payda\u015flar\u0131 taraf\u0131ndan etik d\u0131\u015f\u0131 davran\u0131\u015f veya suistimal olaylar\u0131na tan\u0131k olduysan\u0131z, bir ihlal oldu\u011fundan \u015f\u00fcpheleniyorsan\u0131z ve bu konuda bilgi sahibi iseniz bunu Etik \u0130hbar Hatt\u0131\u2019na bildirin. Sorunlar\u0131 duymak bize onlar\u0131 d\u00fczeltme \u015fans\u0131 verir.<\/p><p><strong>Etik \u0130hbar Hatt\u0131\u2019na bildirmeniz gereken davran\u0131\u015f ve olaylar:<\/strong><\/p><ul><li>Fiziksel, Duygusal veya Cinsel Taciz<\/li><li>Mobbing<\/li><li>Ayr\u0131mc\u0131l\u0131k<\/li><li>Yolsuzluk, r\u00fc\u015fvet<\/li><li>\u015eirket varl\u0131klar\u0131n\u0131 veya \u00e7al\u0131\u015fanlar\u0131n\u0131 ki\u015fisel ama\u00e7la kullanma<\/li><li>Pozisyonunu ve g\u00f6revini k\u00f6t\u00fcye kullanma<\/li><li>\u0130\u015f ortaklar\u0131ndan kendisi veya ba\u015fkalar\u0131 i\u00e7in haks\u0131z menfaat edinme<\/li><\/ul>\t\t\t\t\t\t\t\t<\/div>\n\t\t\t\t<\/div>\n\t\t\t\t<\/div>\n\t\t\t\t<\/div>\n\t\t\t\t<\/div>\n\t\t\t\t<\/div>\n\t\t\t\t<\/div>","protected":false},"excerpt":{"rendered":"<p>TORUN&#8217;da Etik TORUN, Etik Kurallar\u0131&#8217;na ayk\u0131r\u0131 durumlar\u0131n ihbar edilmesini te\u015fvik etmekte ve desteklemektedir. Etik Kurallar\u0131na ayk\u0131r\u0131l\u0131k te\u015fkil eden durumlar\u0131n bildirilebilmesi i\u00e7in \u201cTORUN Etik \u0130hbar Hatt\u0131\u201d olu\u015fturulmu\u015ftur. Etik \u0130hbar Hatt\u0131na gelen t\u00fcm ihbarlara ili\u015fkin olarak KVKK kapsam\u0131nda azami gizlilik esaslar\u0131na g\u00f6re i\u015flem yap\u0131l\u0131r. \u0130hbarlar yetkisiz 3. ki\u015filerle kesinlikle payla\u015f\u0131lmaz. TORUN Etik \u0130hbar Hatt\u0131&#8217;na Nas\u0131l Bildirim Yap\u0131l\u0131r? [&hellip;]<\/p>\n","protected":false},"author":1,"featured_media":8035,"parent":0,"menu_order":0,"comment_status":"closed","ping_status":"closed","template":"","meta":{"footnotes":""},"class_list":["post-8034","page","type-page","status-publish","has-post-thumbnail","hentry"],"_links":{"self":[{"href":"https:\/\/torunmetal.com\/tr\/wp-json\/wp\/v2\/pages\/8034","targetHints":{"allow":["GET"]}}],"collection":[{"href":"https:\/\/torunmetal.com\/tr\/wp-json\/wp\/v2\/pages"}],"about":[{"href":"https:\/\/torunmetal.com\/tr\/wp-json\/wp\/v2\/types\/page"}],"author":[{"embeddable":true,"href":"https:\/\/torunmetal.com\/tr\/wp-json\/wp\/v2\/users\/1"}],"replies":[{"embeddable":true,"href":"https:\/\/torunmetal.com\/tr\/wp-json\/wp\/v2\/comments?post=8034"}],"version-history":[{"count":16,"href":"https:\/\/torunmetal.com\/tr\/wp-json\/wp\/v2\/pages\/8034\/revisions"}],"predecessor-version":[{"id":8175,"href":"https:\/\/torunmetal.com\/tr\/wp-json\/wp\/v2\/pages\/8034\/revisions\/8175"}],"wp:featuredmedia":[{"embeddable":true,"href":"https:\/\/torunmetal.com\/tr\/wp-json\/wp\/v2\/media\/8035"}],"wp:attachment":[{"href":"https:\/\/torunmetal.com\/tr\/wp-json\/wp\/v2\/media?parent=8034"}],"curies":[{"name":"wp","href":"https:\/\/api.w.org\/{rel}","templated":true}]}}