{"id":5524,"date":"2021-05-31T18:38:22","date_gmt":"2021-05-31T15:38:22","guid":{"rendered":"https:\/\/torunmetal.com\/?page_id=146"},"modified":"2024-04-24T13:14:08","modified_gmt":"2024-04-24T10:14:08","slug":"about","status":"publish","type":"page","link":"https:\/\/torunmetal.com\/tr\/corporate\/about\/","title":{"rendered":"Hakk\u0131m\u0131zda"},"content":{"rendered":"<div data-elementor-type=\"wp-page\" data-elementor-id=\"5524\" class=\"elementor elementor-5524\" data-elementor-post-type=\"page\">\n\t\t\t\t<div class=\"elementor-element elementor-element-31d6ed69 e-con-full e-flex e-con e-parent\" data-id=\"31d6ed69\" data-element_type=\"container\" data-e-type=\"container\" data-settings=\"{&quot;ekit_has_onepagescroll_dot&quot;:&quot;yes&quot;}\">\n\t\t<div class=\"elementor-element elementor-element-b86cf2 e-con-full e-flex e-con e-child\" data-id=\"b86cf2\" data-element_type=\"container\" data-e-type=\"container\" data-settings=\"{&quot;background_background&quot;:&quot;classic&quot;,&quot;ekit_has_onepagescroll_dot&quot;:&quot;yes&quot;}\">\n\t\t\t\t<div class=\"elementor-element elementor-element-7fed6a87 animated-fast elementor-widget elementor-widget-heading\" data-id=\"7fed6a87\" data-element_type=\"widget\" data-e-type=\"widget\" data-settings=\"{&quot;_animation&quot;:&quot;none&quot;,&quot;_animation_delay&quot;:200,&quot;_animation_mobile&quot;:&quot;none&quot;,&quot;ekit_we_effect_on&quot;:&quot;none&quot;}\" data-widget_type=\"heading.default\">\n\t\t\t\t<div class=\"elementor-widget-container\">\n\t\t\t\t\t<h1 class=\"elementor-heading-title elementor-size-default\">Hakk\u0131m\u0131zda<\/h1>\t\t\t\t<\/div>\n\t\t\t\t<\/div>\n\t\t\t\t<div class=\"elementor-element elementor-element-3904dce3 elementor-hidden-mobile elementor-widget elementor-widget-text-editor\" data-id=\"3904dce3\" data-element_type=\"widget\" data-e-type=\"widget\" data-settings=\"{&quot;ekit_we_effect_on&quot;:&quot;none&quot;}\" data-widget_type=\"text-editor.default\">\n\t\t\t\t<div class=\"elementor-widget-container\">\n\t\t\t\t\t\t\t\t\t<p>TORUN'un vizyonu, misyonu ve de\u011ferlerini \u00f6\u011frenin<\/p>\t\t\t\t\t\t\t\t<\/div>\n\t\t\t\t<\/div>\n\t\t\t\t<div class=\"elementor-element elementor-element-444be269 elementor-widget elementor-widget-text-editor\" data-id=\"444be269\" data-element_type=\"widget\" data-e-type=\"widget\" data-settings=\"{&quot;ekit_we_effect_on&quot;:&quot;none&quot;}\" data-widget_type=\"text-editor.default\">\n\t\t\t\t<div class=\"elementor-widget-container\">\n\t\t\t\t\t\t\t\t\t<p><span style=\"color: #ffffff;\"><a style=\"color: #ffffff;\" href=\"http:\/\/torunmetal.com\/tr\/\">Anasayfa<\/a> &gt; Kurumsal &gt; Hakk\u0131m\u0131zda<\/span><\/p>\t\t\t\t\t\t\t\t<\/div>\n\t\t\t\t<\/div>\n\t\t\t\t<\/div>\n\t\t\t\t<\/div>\n\t\t<div class=\"elementor-element elementor-element-3330a60 e-con-full e-flex e-con e-parent\" data-id=\"3330a60\" data-element_type=\"container\" data-e-type=\"container\" data-settings=\"{&quot;ekit_has_onepagescroll_dot&quot;:&quot;yes&quot;}\">\n\t\t<div class=\"elementor-element elementor-element-5fa2e95 e-con-full e-flex e-con e-child\" data-id=\"5fa2e95\" data-element_type=\"container\" data-e-type=\"container\" data-settings=\"{&quot;ekit_has_onepagescroll_dot&quot;:&quot;yes&quot;}\">\n\t\t\t\t<div class=\"elementor-element elementor-element-e30a711 elementor-widget elementor-widget-text-editor\" data-id=\"e30a711\" data-element_type=\"widget\" data-e-type=\"widget\" data-settings=\"{&quot;ekit_we_effect_on&quot;:&quot;none&quot;}\" data-widget_type=\"text-editor.default\">\n\t\t\t\t<div class=\"elementor-widget-container\">\n\t\t\t\t\t\t\t\t\t<p>TORUN olarak yolculu\u011fumuza ba\u015flad\u0131\u011f\u0131m\u0131z 2000 y\u0131l\u0131ndan bu yana, pirin\u00e7, al\u00fcminyum, magnezyum ve paslanmaz \u00e7elikten d\u00f6k\u00fcm, s\u0131cak d\u00f6vme ve i\u015flenmi\u015f par\u00e7alar\u0131n \u00f6nde gelen m\u00fchendislik firmalar\u0131ndan biri olarak kendimizi kan\u0131tlad\u0131k ve en iyi kalite ve hizmeti sunmak i\u00e7in tutkuyla \u00e7al\u0131\u015f\u0131yoruz. d\u00fcnyan\u0131n her yerindeki ortaklar\u0131m\u0131z i\u00e7in. Sekt\u00f6rde lider olmak ve m\u00fcmk\u00fcn olan en iyi hizmeti sunmak i\u00e7in her zaman m\u00fc\u015fterilerimizin rahat\u0131n\u0131 d\u00fc\u015f\u00fcn\u00fcyoruz. Bu nedenle TORUN firmalar\u0131 stratejik olarak se\u00e7ilmi\u015f b\u00f6lgelerde konumlanmakta, i\u015fbirli\u011fi i\u00e7erisinde \u00e7al\u0131\u015fmakta ve m\u00fc\u015fterilerine ihtiya\u00e7 duyduklar\u0131 t\u00fcm alt y\u00fcklenicilik hizmetlerini tek elden sunabilmektedir. TORUN, kendi kesici tak\u0131m at\u00f6lyesi ve d\u00f6vme kal\u0131phanesinden montaj ve kaplamaya kadar tek \u00e7at\u0131 alt\u0131nda \u00e7ok y\u00f6nl\u00fc hizmet sunmaktad\u0131r.<\/p><p>M\u00fc\u015fterilerimizin taleplerini g\u00f6z \u00f6n\u00fcnde bulundurarak, onlar\u0131n farkl\u0131 ihtiya\u00e7lar\u0131na ayn\u0131 \u00e7at\u0131 alt\u0131nda \u00e7\u00f6z\u00fcmler \u00fcretmek i\u00e7in \u00f6l\u00e7eklenebilir, y\u00fcksek teknoloji ve bilgi birikimi i\u00e7eren hammadde ve s\u00fcre\u00e7lere yat\u0131r\u0131m yap\u0131yoruz. Avrupa \u00e7ap\u0131nda toplam 50.000 m2'yi a\u015fan \u00fcretim ve depolama tesisleriyle TORUN, m\u00fc\u015fterileri i\u00e7in yenilik\u00e7i ve maliyet d\u00fc\u015f\u00fcr\u00fcc\u00fc \u00fcretim ve lojistik geli\u015ftirme kapasitesine sahip.<\/p><p>Hi\u00e7bir dil, din ve milleti \u00f6n planda tutmadan evrensel de\u011fer ve ahlaka inan\u0131r, kurulu\u015fumuzun merkezine insan\u0131 yerle\u015ftiririz. BM K\u00fcresel \u0130lkeler S\u00f6zle\u015fmesi'ne olan ba\u011fl\u0131l\u0131\u011f\u0131m\u0131z do\u011frultusunda att\u0131\u011f\u0131m\u0131z her ad\u0131mda insan\u0131 ve do\u011fay\u0131 g\u00f6zetiyoruz.<\/p>\t\t\t\t\t\t\t\t<\/div>\n\t\t\t\t<\/div>\n\t\t\t\t<\/div>\n\t\t\t\t<\/div>\n\t\t<div class=\"elementor-element elementor-element-83adc47 e-con-full e-flex e-con e-parent\" data-id=\"83adc47\" data-element_type=\"container\" data-e-type=\"container\" data-settings=\"{&quot;ekit_has_onepagescroll_dot&quot;:&quot;yes&quot;}\">\n\t\t<div class=\"elementor-element elementor-element-ce3c735 e-con-full e-flex e-con e-child\" data-id=\"ce3c735\" data-element_type=\"container\" data-e-type=\"container\" data-settings=\"{&quot;ekit_has_onepagescroll_dot&quot;:&quot;yes&quot;}\">\n\t\t<div class=\"elementor-element elementor-element-95f31db e-con-full e-flex e-con e-child\" data-id=\"95f31db\" data-element_type=\"container\" data-e-type=\"container\" data-settings=\"{&quot;ekit_has_onepagescroll_dot&quot;:&quot;yes&quot;}\">\n\t\t<div class=\"elementor-element elementor-element-e16dd17 elementor-hidden-phone elementor-hidden-tablet e-con-full e-flex e-con e-child\" data-id=\"e16dd17\" data-element_type=\"container\" data-e-type=\"container\" data-settings=\"{&quot;background_background&quot;:&quot;classic&quot;,&quot;ekit_has_onepagescroll_dot&quot;:&quot;yes&quot;}\">\n\t\t\t\t<div class=\"elementor-element elementor-element-77f27e0 elementor-widget elementor-widget-spacer\" data-id=\"77f27e0\" data-element_type=\"widget\" data-e-type=\"widget\" data-settings=\"{&quot;ekit_we_effect_on&quot;:&quot;none&quot;}\" data-widget_type=\"spacer.default\">\n\t\t\t\t<div class=\"elementor-widget-container\">\n\t\t\t\t\t\t\t<div class=\"elementor-spacer\">\n\t\t\t<div class=\"elementor-spacer-inner\"><\/div>\n\t\t<\/div>\n\t\t\t\t\t\t<\/div>\n\t\t\t\t<\/div>\n\t\t\t\t<\/div>\n\t\t<div class=\"elementor-element elementor-element-2365b96 e-con-full e-flex e-con e-child\" data-id=\"2365b96\" data-element_type=\"container\" data-e-type=\"container\" data-settings=\"{&quot;background_background&quot;:&quot;classic&quot;,&quot;ekit_has_onepagescroll_dot&quot;:&quot;yes&quot;}\">\n\t\t\t\t<div class=\"elementor-element elementor-element-6a6c447 elementor-widget elementor-widget-heading\" data-id=\"6a6c447\" data-element_type=\"widget\" data-e-type=\"widget\" data-settings=\"{&quot;ekit_we_effect_on&quot;:&quot;none&quot;}\" data-widget_type=\"heading.default\">\n\t\t\t\t<div class=\"elementor-widget-container\">\n\t\t\t\t\t<h2 class=\"elementor-heading-title elementor-size-default\">Misyon<\/h2>\t\t\t\t<\/div>\n\t\t\t\t<\/div>\n\t\t\t\t<div class=\"elementor-element elementor-element-c8a2870 elementor-widget elementor-widget-text-editor\" data-id=\"c8a2870\" data-element_type=\"widget\" data-e-type=\"widget\" data-settings=\"{&quot;ekit_we_effect_on&quot;:&quot;none&quot;}\" data-widget_type=\"text-editor.default\">\n\t\t\t\t<div class=\"elementor-widget-container\">\n\t\t\t\t\t\t\t\t\tMisyonumuz; s\u0131ras\u0131yla m\u00fc\u015fterilerimize, \u00e7al\u0131\u015fanlar\u0131m\u0131za, tedarik\u00e7ilerimize, topluma, \u00e7evreye ve yat\u0131r\u0131mc\u0131lar\u0131m\u0131za de\u011fer yaratmak. Hi\u00e7bir dil, din, millet ayr\u0131m\u0131 yapmadan, evrensel de\u011ferlere ve ahlaka inanan bir kurulu\u015fuz ve kurulu\u015fumuzun \u00f6z\u00fcne insan\u0131 yerle\u015ftiriyoruz.\t\t\t\t\t\t\t\t<\/div>\n\t\t\t\t<\/div>\n\t\t\t\t<\/div>\n\t\t<div class=\"elementor-element elementor-element-537b7fe e-con-full e-flex e-con e-child\" data-id=\"537b7fe\" data-element_type=\"container\" data-e-type=\"container\" data-settings=\"{&quot;background_background&quot;:&quot;classic&quot;,&quot;ekit_has_onepagescroll_dot&quot;:&quot;yes&quot;}\">\n\t\t\t\t<div class=\"elementor-element elementor-element-4f11afa elementor-widget elementor-widget-heading\" data-id=\"4f11afa\" data-element_type=\"widget\" data-e-type=\"widget\" data-settings=\"{&quot;ekit_we_effect_on&quot;:&quot;none&quot;}\" data-widget_type=\"heading.default\">\n\t\t\t\t<div class=\"elementor-widget-container\">\n\t\t\t\t\t<h2 class=\"elementor-heading-title elementor-size-default\">Vizyon<\/h2>\t\t\t\t<\/div>\n\t\t\t\t<\/div>\n\t\t\t\t<div class=\"elementor-element elementor-element-e64c87f elementor-widget elementor-widget-text-editor\" data-id=\"e64c87f\" data-element_type=\"widget\" data-e-type=\"widget\" data-settings=\"{&quot;ekit_we_effect_on&quot;:&quot;none&quot;}\" data-widget_type=\"text-editor.default\">\n\t\t\t\t<div class=\"elementor-widget-container\">\n\t\t\t\t\t\t\t\t\t<p>Ortakl\u0131klara \u00f6ncelik veren ve TORUN ile ayn\u0131 de\u011ferleri payla\u015fan m\u00fc\u015fterilerine farkl\u0131 hammadde ve \u00fcretim s\u00fcre\u00e7leri kullananarak end\u00fcstriyel \u00e7\u00f6z\u00fcmler sunmak ve bunlar\u0131;<\/p><ul><li>Optimum maliyet, kalite ve h\u0131zda,<\/li><li>K\u00fcresel lokasyonlarda hizmet vererek,<\/li><li>Entegre \u00e7\u00f6z\u00fcmler ve tasar\u0131m becerileri ekleyerek sunmak.<\/li><\/ul>\t\t\t\t\t\t\t\t<\/div>\n\t\t\t\t<\/div>\n\t\t\t\t<\/div>\n\t\t\t\t<\/div>\n\t\t\t\t<\/div>\n\t\t\t\t<\/div>\n\t\t<div class=\"elementor-element elementor-element-79839da e-con-full e-flex e-con e-parent\" data-id=\"79839da\" data-element_type=\"container\" data-e-type=\"container\" data-settings=\"{&quot;ekit_has_onepagescroll_dot&quot;:&quot;yes&quot;}\">\n\t\t<div class=\"elementor-element elementor-element-6d0935e e-con-full e-flex e-con e-child\" data-id=\"6d0935e\" data-element_type=\"container\" data-e-type=\"container\" data-settings=\"{&quot;ekit_has_onepagescroll_dot&quot;:&quot;yes&quot;}\">\n\t\t\t\t<div class=\"elementor-element elementor-element-92f6c30 elementor-widget elementor-widget-heading\" data-id=\"92f6c30\" data-element_type=\"widget\" data-e-type=\"widget\" data-settings=\"{&quot;ekit_we_effect_on&quot;:&quot;none&quot;}\" data-widget_type=\"heading.default\">\n\t\t\t\t<div class=\"elementor-widget-container\">\n\t\t\t\t\t<h2 class=\"elementor-heading-title elementor-size-default\">TORUN De\u011ferleri<\/h2>\t\t\t\t<\/div>\n\t\t\t\t<\/div>\n\t\t<div class=\"elementor-element elementor-element-b8255c8 e-con-full e-flex e-con e-child\" data-id=\"b8255c8\" data-element_type=\"container\" data-e-type=\"container\" data-settings=\"{&quot;ekit_has_onepagescroll_dot&quot;:&quot;yes&quot;}\">\n\t\t<div class=\"elementor-element elementor-element-8da0053 e-con-full e-flex e-con e-child\" data-id=\"8da0053\" data-element_type=\"container\" data-e-type=\"container\" data-settings=\"{&quot;ekit_has_onepagescroll_dot&quot;:&quot;yes&quot;}\">\n\t\t\t\t<div class=\"elementor-element elementor-element-105d0e4 elementor-widget elementor-widget-heading\" data-id=\"105d0e4\" data-element_type=\"widget\" data-e-type=\"widget\" data-settings=\"{&quot;ekit_we_effect_on&quot;:&quot;none&quot;}\" data-widget_type=\"heading.default\">\n\t\t\t\t<div class=\"elementor-widget-container\">\n\t\t\t\t\t<h3 class=\"elementor-heading-title elementor-size-default\">MUTLU OLMAK<\/h3>\t\t\t\t<\/div>\n\t\t\t\t<\/div>\n\t\t\t\t<div class=\"elementor-element elementor-element-14f8391 elementor-widget elementor-widget-heading\" data-id=\"14f8391\" data-element_type=\"widget\" data-e-type=\"widget\" data-settings=\"{&quot;ekit_we_effect_on&quot;:&quot;none&quot;}\" data-widget_type=\"heading.default\">\n\t\t\t\t<div class=\"elementor-widget-container\">\n\t\t\t\t\t<h4 class=\"elementor-heading-title elementor-size-default\">Herkes i\u00e7in mutluluk<\/h4>\t\t\t\t<\/div>\n\t\t\t\t<\/div>\n\t\t\t\t<div class=\"elementor-element elementor-element-cc27f39 elementor-widget elementor-widget-text-editor\" data-id=\"cc27f39\" data-element_type=\"widget\" data-e-type=\"widget\" data-settings=\"{&quot;ekit_we_effect_on&quot;:&quot;none&quot;}\" data-widget_type=\"text-editor.default\">\n\t\t\t\t<div class=\"elementor-widget-container\">\n\t\t\t\t\t\t\t\t\tMutluluk bizim bir par\u00e7am\u0131z: Mutlulu\u011fun daha \u00e7ok insana yay\u0131ld\u0131\u011f\u0131nda anlaml\u0131 oldu\u011funa inan\u0131yoruz. T\u00fcm insanlar\u0131 mutlu etme hedefimize ula\u015fmak i\u00e7in i\u015f ve ili\u015fkileri geli\u015ftirme tutkumuzu asla kaybetmiyoruz.\t\t\t\t\t\t\t\t<\/div>\n\t\t\t\t<\/div>\n\t\t\t\t<\/div>\n\t\t<div class=\"elementor-element elementor-element-3727725 e-con-full e-flex e-con e-child\" data-id=\"3727725\" data-element_type=\"container\" data-e-type=\"container\" data-settings=\"{&quot;ekit_has_onepagescroll_dot&quot;:&quot;yes&quot;}\">\n\t\t\t\t<div class=\"elementor-element elementor-element-b1997a8 elementor-widget elementor-widget-heading\" data-id=\"b1997a8\" data-element_type=\"widget\" data-e-type=\"widget\" data-settings=\"{&quot;ekit_we_effect_on&quot;:&quot;none&quot;}\" data-widget_type=\"heading.default\">\n\t\t\t\t<div class=\"elementor-widget-container\">\n\t\t\t\t\t<h3 class=\"elementor-heading-title elementor-size-default\">ANLAM KATMAK<\/h3>\t\t\t\t<\/div>\n\t\t\t\t<\/div>\n\t\t\t\t<div class=\"elementor-element elementor-element-08d97f1 elementor-widget elementor-widget-heading\" data-id=\"08d97f1\" data-element_type=\"widget\" data-e-type=\"widget\" data-settings=\"{&quot;ekit_we_effect_on&quot;:&quot;none&quot;}\" data-widget_type=\"heading.default\">\n\t\t\t\t<div class=\"elementor-widget-container\">\n\t\t\t\t\t<h4 class=\"elementor-heading-title elementor-size-default\">Her yapt\u0131\u011f\u0131m\u0131za anlam kat\u0131yoruz<\/h4>\t\t\t\t<\/div>\n\t\t\t\t<\/div>\n\t\t\t\t<div class=\"elementor-element elementor-element-12bd975 elementor-widget elementor-widget-text-editor\" data-id=\"12bd975\" data-element_type=\"widget\" data-e-type=\"widget\" data-settings=\"{&quot;ekit_we_effect_on&quot;:&quot;none&quot;}\" data-widget_type=\"text-editor.default\">\n\t\t\t\t<div class=\"elementor-widget-container\">\n\t\t\t\t\t\t\t\t\tAnlam katmak bizim bir par\u00e7am\u0131z: \u0130\u015fimizi tutkuyla yap\u0131yoruz, yapt\u0131\u011f\u0131m\u0131z her \u015feye anlam kat\u0131yoruz. Bu \u015fekilde ger\u00e7ekle\u015ftirdi\u011fimiz her projeyle hayata de\u011fer katt\u0131\u011f\u0131m\u0131z\u0131 biliyoruz.\t\t\t\t\t\t\t\t<\/div>\n\t\t\t\t<\/div>\n\t\t\t\t<\/div>\n\t\t<div class=\"elementor-element elementor-element-67dd1de e-con-full e-flex e-con e-child\" data-id=\"67dd1de\" data-element_type=\"container\" data-e-type=\"container\" data-settings=\"{&quot;ekit_has_onepagescroll_dot&quot;:&quot;yes&quot;}\">\n\t\t\t\t<div class=\"elementor-element elementor-element-ba530ef elementor-widget elementor-widget-heading\" data-id=\"ba530ef\" data-element_type=\"widget\" data-e-type=\"widget\" data-settings=\"{&quot;ekit_we_effect_on&quot;:&quot;none&quot;}\" data-widget_type=\"heading.default\">\n\t\t\t\t<div class=\"elementor-widget-container\">\n\t\t\t\t\t<h3 class=\"elementor-heading-title elementor-size-default\">\u00d6NEMSEMEK<\/h3>\t\t\t\t<\/div>\n\t\t\t\t<\/div>\n\t\t\t\t<div class=\"elementor-element elementor-element-d7d7d61 elementor-widget elementor-widget-heading\" data-id=\"d7d7d61\" data-element_type=\"widget\" data-e-type=\"widget\" data-settings=\"{&quot;ekit_we_effect_on&quot;:&quot;none&quot;}\" data-widget_type=\"heading.default\">\n\t\t\t\t<div class=\"elementor-widget-container\">\n\t\t\t\t\t<h4 class=\"elementor-heading-title elementor-size-default\">Birbirimizi ve i\u015fimizi \u00f6nemsiyoruz<\/h4>\t\t\t\t<\/div>\n\t\t\t\t<\/div>\n\t\t\t\t<div class=\"elementor-element elementor-element-4fb0124 elementor-widget elementor-widget-text-editor\" data-id=\"4fb0124\" data-element_type=\"widget\" data-e-type=\"widget\" data-settings=\"{&quot;ekit_we_effect_on&quot;:&quot;none&quot;}\" data-widget_type=\"text-editor.default\">\n\t\t\t\t<div class=\"elementor-widget-container\">\n\t\t\t\t\t\t\t\t\t<p>\u00d6nemsemek bizim bir par\u00e7am\u0131z: \u0130nsan\u0131 ve do\u011fay\u0131 \u00f6nemseyerek att\u0131\u011f\u0131m\u0131z her ad\u0131mda ba\u015far\u0131ya bir ad\u0131m daha yakla\u015f\u0131yoruz.<\/p>\t\t\t\t\t\t\t\t<\/div>\n\t\t\t\t<\/div>\n\t\t\t\t<\/div>\n\t\t\t\t<\/div>\n\t\t<div class=\"elementor-element elementor-element-423581b e-con-full e-flex e-con e-child\" data-id=\"423581b\" data-element_type=\"container\" data-e-type=\"container\" data-settings=\"{&quot;ekit_has_onepagescroll_dot&quot;:&quot;yes&quot;}\">\n\t\t<div class=\"elementor-element elementor-element-1692b77 e-con-full e-flex e-con e-child\" data-id=\"1692b77\" data-element_type=\"container\" data-e-type=\"container\" data-settings=\"{&quot;ekit_has_onepagescroll_dot&quot;:&quot;yes&quot;}\">\n\t\t\t\t<div class=\"elementor-element elementor-element-281fc74 elementor-widget elementor-widget-heading\" data-id=\"281fc74\" data-element_type=\"widget\" data-e-type=\"widget\" data-settings=\"{&quot;ekit_we_effect_on&quot;:&quot;none&quot;}\" data-widget_type=\"heading.default\">\n\t\t\t\t<div class=\"elementor-widget-container\">\n\t\t\t\t\t<h3 class=\"elementor-heading-title elementor-size-default\">PAYLA\u015eMAK<\/h3>\t\t\t\t<\/div>\n\t\t\t\t<\/div>\n\t\t\t\t<div class=\"elementor-element elementor-element-94f4f75 elementor-widget elementor-widget-heading\" data-id=\"94f4f75\" data-element_type=\"widget\" data-e-type=\"widget\" data-settings=\"{&quot;ekit_we_effect_on&quot;:&quot;none&quot;}\" data-widget_type=\"heading.default\">\n\t\t\t\t<div class=\"elementor-widget-container\">\n\t\t\t\t\t<h4 class=\"elementor-heading-title elementor-size-default\">Ba\u015far\u0131lar\u0131m\u0131z\u0131 payla\u015f\u0131yoruz<\/h4>\t\t\t\t<\/div>\n\t\t\t\t<\/div>\n\t\t\t\t<div class=\"elementor-element elementor-element-4b2977e elementor-widget elementor-widget-text-editor\" data-id=\"4b2977e\" data-element_type=\"widget\" data-e-type=\"widget\" data-settings=\"{&quot;ekit_we_effect_on&quot;:&quot;none&quot;}\" data-widget_type=\"text-editor.default\">\n\t\t\t\t<div class=\"elementor-widget-container\">\n\t\t\t\t\t\t\t\t\tPayla\u015fmak bizim bir par\u00e7am\u0131z: Bilgimizi, tecr\u00fcbemizi, ba\u015far\u0131lar\u0131m\u0131z\u0131, iyi ve k\u00f6t\u00fc g\u00fcnlerimizi, k\u0131sacas\u0131 hayat\u0131 t\u00fcm payda\u015flar\u0131m\u0131zla payla\u015f\u0131r\u0131z.\t\t\t\t\t\t\t\t<\/div>\n\t\t\t\t<\/div>\n\t\t\t\t<\/div>\n\t\t<div class=\"elementor-element elementor-element-7506633 e-con-full e-flex e-con e-child\" data-id=\"7506633\" data-element_type=\"container\" data-e-type=\"container\" data-settings=\"{&quot;ekit_has_onepagescroll_dot&quot;:&quot;yes&quot;}\">\n\t\t\t\t<div class=\"elementor-element elementor-element-a6c76ac elementor-widget elementor-widget-heading\" data-id=\"a6c76ac\" data-element_type=\"widget\" data-e-type=\"widget\" data-settings=\"{&quot;ekit_we_effect_on&quot;:&quot;none&quot;}\" data-widget_type=\"heading.default\">\n\t\t\t\t<div class=\"elementor-widget-container\">\n\t\t\t\t\t<h3 class=\"elementor-heading-title elementor-size-default\">GEL\u0130\u015eMEK<\/h3>\t\t\t\t<\/div>\n\t\t\t\t<\/div>\n\t\t\t\t<div class=\"elementor-element elementor-element-044857a elementor-widget elementor-widget-heading\" data-id=\"044857a\" data-element_type=\"widget\" data-e-type=\"widget\" data-settings=\"{&quot;ekit_we_effect_on&quot;:&quot;none&quot;}\" data-widget_type=\"heading.default\">\n\t\t\t\t<div class=\"elementor-widget-container\">\n\t\t\t\t\t<h4 class=\"elementor-heading-title elementor-size-default\">S\u00fcrekli geli\u015fime inan\u0131yoruz<\/h4>\t\t\t\t<\/div>\n\t\t\t\t<\/div>\n\t\t\t\t<div class=\"elementor-element elementor-element-41ce7dc elementor-widget elementor-widget-text-editor\" data-id=\"41ce7dc\" data-element_type=\"widget\" data-e-type=\"widget\" data-settings=\"{&quot;ekit_we_effect_on&quot;:&quot;none&quot;}\" data-widget_type=\"text-editor.default\">\n\t\t\t\t<div class=\"elementor-widget-container\">\n\t\t\t\t\t\t\t\t\tGeli\u015fmek bizim bir par\u00e7am\u0131z: Payda\u015flar\u0131m\u0131zla birlikte b\u00fcy\u00fcyor ve geli\u015fme kapasitemizi i\u015fimizin ve ili\u015fkilerimizin her a\u015famas\u0131na kat\u0131yoruz.\t\t\t\t\t\t\t\t<\/div>\n\t\t\t\t<\/div>\n\t\t\t\t<\/div>\n\t\t<div class=\"elementor-element elementor-element-1cc3582 e-con-full e-flex e-con e-child\" data-id=\"1cc3582\" data-element_type=\"container\" data-e-type=\"container\" data-settings=\"{&quot;ekit_has_onepagescroll_dot&quot;:&quot;yes&quot;}\">\n\t\t\t\t<\/div>\n\t\t\t\t<\/div>\n\t\t\t\t<\/div>\n\t\t\t\t<\/div>\n\t\t\t\t<\/div>","protected":false},"excerpt":{"rendered":"<p>About Us Learn about TORUN&#8217;s mission, vision and values Home &gt; Corporate &gt; About Us Since we started our journey in 2000, we have established ourselves as one of the leading engineering companies of casted, hot forged &amp; machined items in brass, aluminum, magnesium and stainless steel and we are working passionately to provide the [&hellip;]<\/p>\n","protected":false},"author":1,"featured_media":0,"parent":2280,"menu_order":0,"comment_status":"closed","ping_status":"closed","template":"","meta":{"footnotes":""},"class_list":["post-5524","page","type-page","status-publish","hentry"],"_links":{"self":[{"href":"https:\/\/torunmetal.com\/tr\/wp-json\/wp\/v2\/pages\/5524","targetHints":{"allow":["GET"]}}],"collection":[{"href":"https:\/\/torunmetal.com\/tr\/wp-json\/wp\/v2\/pages"}],"about":[{"href":"https:\/\/torunmetal.com\/tr\/wp-json\/wp\/v2\/types\/page"}],"author":[{"embeddable":true,"href":"https:\/\/torunmetal.com\/tr\/wp-json\/wp\/v2\/users\/1"}],"replies":[{"embeddable":true,"href":"https:\/\/torunmetal.com\/tr\/wp-json\/wp\/v2\/comments?post=5524"}],"version-history":[{"count":47,"href":"https:\/\/torunmetal.com\/tr\/wp-json\/wp\/v2\/pages\/5524\/revisions"}],"predecessor-version":[{"id":8045,"href":"https:\/\/torunmetal.com\/tr\/wp-json\/wp\/v2\/pages\/5524\/revisions\/8045"}],"up":[{"embeddable":true,"href":"https:\/\/torunmetal.com\/tr\/wp-json\/wp\/v2\/pages\/2280"}],"wp:attachment":[{"href":"https:\/\/torunmetal.com\/tr\/wp-json\/wp\/v2\/media?parent=5524"}],"curies":[{"name":"wp","href":"https:\/\/api.w.org\/{rel}","templated":true}]}}