{"id":4061,"date":"2023-11-12T19:18:29","date_gmt":"2023-11-12T16:18:29","guid":{"rendered":"https:\/\/torunmetal.com\/?page_id=4061"},"modified":"2023-11-13T20:58:56","modified_gmt":"2023-11-13T17:58:56","slug":"girisimcilik-ve-inovasyon-terimler-sozlugu","status":"publish","type":"page","link":"https:\/\/torunmetal.com\/tr\/girisimcilik-ve-inovasyon-terimler-sozlugu\/","title":{"rendered":"Giri\u015fimcilik ve \u0130novasyon Terimler S\u00f6zl\u00fc\u011f\u00fc"},"content":{"rendered":"\t\t<div data-elementor-type=\"wp-page\" data-elementor-id=\"4061\" class=\"elementor elementor-4061\" data-elementor-post-type=\"page\">\n\t\t\t\t<div class=\"elementor-element elementor-element-2986b30 e-con-full e-flex e-con e-parent\" data-id=\"2986b30\" data-element_type=\"container\" data-e-type=\"container\" data-settings=\"{&quot;ekit_has_onepagescroll_dot&quot;:&quot;yes&quot;}\">\n\t\t<div class=\"elementor-element elementor-element-a3467ef e-con-full e-flex e-con e-child\" data-id=\"a3467ef\" data-element_type=\"container\" data-e-type=\"container\" data-settings=\"{&quot;ekit_has_onepagescroll_dot&quot;:&quot;yes&quot;}\">\n\t\t\t\t<div class=\"elementor-element elementor-element-15a155d elementor-widget elementor-widget-image\" data-id=\"15a155d\" data-element_type=\"widget\" data-e-type=\"widget\" data-settings=\"{&quot;ekit_we_effect_on&quot;:&quot;none&quot;}\" data-widget_type=\"image.default\">\n\t\t\t\t<div class=\"elementor-widget-container\">\n\t\t\t\t\t\t\t\t\t\t\t\t\t\t\t\t<a href=\"http:\/\/torunmetal.com\" target=\"_blank\">\n\t\t\t\t\t\t\t<img fetchpriority=\"high\" decoding=\"async\" width=\"800\" height=\"450\" src=\"https:\/\/torunmetal.com\/wp-content\/uploads\/2023\/10\/1920X1080_RED_LOGO-1024x576.webp\" class=\"attachment-large size-large wp-image-6099\" alt=\"\" srcset=\"https:\/\/torunmetal.com\/wp-content\/uploads\/2023\/10\/1920X1080_RED_LOGO-1024x576.webp 1024w, https:\/\/torunmetal.com\/wp-content\/uploads\/2023\/10\/1920X1080_RED_LOGO-300x169.webp 300w, https:\/\/torunmetal.com\/wp-content\/uploads\/2023\/10\/1920X1080_RED_LOGO-768x432.webp 768w, https:\/\/torunmetal.com\/wp-content\/uploads\/2023\/10\/1920X1080_RED_LOGO-1536x864.webp 1536w, https:\/\/torunmetal.com\/wp-content\/uploads\/2023\/10\/1920X1080_RED_LOGO-18x10.webp 18w, https:\/\/torunmetal.com\/wp-content\/uploads\/2023\/10\/1920X1080_RED_LOGO.webp 1920w\" sizes=\"(max-width: 800px) 100vw, 800px\">\t\t\t\t\t\t\t\t<\/a>\n\t\t\t\t\t\t\t\t\t\t\t\t\t\t\t<\/div>\n\t\t\t\t<\/div>\n\t\t\t\t<div class=\"elementor-element elementor-element-fff144c elementor-widget elementor-widget-heading\" data-id=\"fff144c\" data-element_type=\"widget\" data-e-type=\"widget\" data-settings=\"{&quot;ekit_we_effect_on&quot;:&quot;none&quot;}\" data-widget_type=\"heading.default\">\n\t\t\t\t<div class=\"elementor-widget-container\">\n\t\t\t\t\t<h1 class=\"elementor-heading-title elementor-size-default\">Giri\u015fimcilik &amp; \u0130novasyon Terimler S\u00f6zl\u00fc\u011f\u00fc<\/h1>\t\t\t\t<\/div>\n\t\t\t\t<\/div>\n\t\t\t\t<div class=\"elementor-element elementor-element-5252a53 elementor-widget elementor-widget-heading\" data-id=\"5252a53\" data-element_type=\"widget\" data-e-type=\"widget\" data-settings=\"{&quot;ekit_we_effect_on&quot;:&quot;none&quot;}\" data-widget_type=\"heading.default\">\n\t\t\t\t<div class=\"elementor-widget-container\">\n\t\t\t\t\t<h1 class=\"elementor-heading-title elementor-size-default\">Kapsaml\u0131 s\u00f6zl\u00fc\u011f\u00fcm\u00fczle Giri\u015fimcilik ve \u0130novasyon terimlerine hakim olun! Bilginizi geli\u015ftirmek, temel terimlere ve tan\u0131mlara kolay eri\u015fim i\u00e7in formu doldurun.<\/h1>\t\t\t\t<\/div>\n\t\t\t\t<\/div>\n\t\t\t\t<div class=\"elementor-element elementor-element-92908b7 elementor-button-align-start elementor-mobile-button-align-center elementor-widget elementor-widget-form\" data-id=\"92908b7\" data-element_type=\"widget\" data-e-type=\"widget\" data-settings=\"{&quot;button_width&quot;:&quot;20&quot;,&quot;step_next_label&quot;:&quot;Next&quot;,&quot;step_previous_label&quot;:&quot;Previous&quot;,&quot;step_type&quot;:&quot;number_text&quot;,&quot;step_icon_shape&quot;:&quot;circle&quot;,&quot;ekit_we_effect_on&quot;:&quot;none&quot;}\" data-widget_type=\"form.default\">\n\t\t\t\t<div class=\"elementor-widget-container\">\n\t\t\t\t\t\t\t<form class=\"elementor-form\" method=\"post\" name=\"Forging CTA\" aria-label=\"Forging CTA\">\n\t\t\t<input type=\"hidden\" name=\"post_id\" value=\"4061\"\/>\n\t\t\t<input type=\"hidden\" name=\"form_id\" value=\"92908b7\"\/>\n\t\t\t<input type=\"hidden\" name=\"referer_title\" value=\"\" \/>\n\n\t\t\t\n\t\t\t<div class=\"elementor-form-fields-wrapper elementor-labels-\">\n\t\t\t\t\t\t\t\t<div class=\"elementor-field-type-text elementor-field-group elementor-column elementor-field-group-name elementor-col-40 elementor-field-required\">\n\t\t\t\t\t\t\t\t\t\t\t\t<label for=\"form-field-name\" class=\"elementor-field-label elementor-screen-only\">\n\t\t\t\t\t\t\t\tName\t\t\t\t\t\t\t<\/label>\n\t\t\t\t\t\t\t\t\t\t\t\t\t\t<input size=\"1\" type=\"text\" name=\"form_fields[name]\" id=\"form-field-name\" class=\"elementor-field elementor-size-sm  elementor-field-textual\" placeholder=\"\u0130sim\" required=\"required\">\n\t\t\t\t\t\t\t\t\t\t\t<\/div>\n\t\t\t\t\t\t\t\t<div class=\"elementor-field-type-email elementor-field-group elementor-column elementor-field-group-email elementor-col-40 elementor-field-required\">\n\t\t\t\t\t\t\t\t\t\t\t\t<label for=\"form-field-email\" class=\"elementor-field-label elementor-screen-only\">\n\t\t\t\t\t\t\t\tEmail\t\t\t\t\t\t\t<\/label>\n\t\t\t\t\t\t\t\t\t\t\t\t\t\t<input size=\"1\" type=\"email\" name=\"form_fields[email]\" id=\"form-field-email\" class=\"elementor-field elementor-size-sm  elementor-field-textual\" placeholder=\"Email\" required=\"required\">\n\t\t\t\t\t\t\t\t\t\t\t<\/div>\n\t\t\t\t\t\t\t\t<div class=\"elementor-field-group elementor-column elementor-field-type-submit elementor-col-20 e-form__buttons\">\n\t\t\t\t\t<button class=\"elementor-button elementor-size-sm\" type=\"submit\">\n\t\t\t\t\t\t<span class=\"elementor-button-content-wrapper\">\n\t\t\t\t\t\t\t\t\t\t\t\t\t\t\t\t\t\t\t\t\t\t<span class=\"elementor-button-text\">\u0130ndir<\/span>\n\t\t\t\t\t\t\t\t\t\t\t\t\t<\/span>\n\t\t\t\t\t<\/button>\n\t\t\t\t<\/div>\n\t\t\t<\/div>\n\t\t<\/form>\n\t\t\t\t\t\t<\/div>\n\t\t\t\t<\/div>\n\t\t\t\t<\/div>\n\t\t<div class=\"elementor-element elementor-element-82f4b5c e-con-full e-flex e-con e-child\" data-id=\"82f4b5c\" data-element_type=\"container\" data-e-type=\"container\" data-settings=\"{&quot;ekit_has_onepagescroll_dot&quot;:&quot;yes&quot;}\">\n\t\t\t\t<div class=\"elementor-element elementor-element-87b6606 elementor-widget elementor-widget-image\" data-id=\"87b6606\" data-element_type=\"widget\" data-e-type=\"widget\" data-settings=\"{&quot;ekit_we_effect_on&quot;:&quot;none&quot;}\" data-widget_type=\"image.default\">\n\t\t\t\t<div class=\"elementor-widget-container\">\n\t\t\t\t\t\t\t\t\t\t\t\t\t\t\t<img decoding=\"async\" src=\"https:\/\/torunmetal.com\/wp-content\/uploads\/2023\/01\/Untitled-design-1.png\" title=\"\" alt=\"\" loading=\"lazy\">\t\t\t\t\t\t\t\t\t\t\t\t\t\t\t<\/div>\n\t\t\t\t<\/div>\n\t\t\t\t<\/div>\n\t\t\t\t<\/div>\n\t\t\t\t<\/div>\n\t\t","protected":false},"excerpt":{"rendered":"<p>Giri\u015fimcilik &#038; \u0130novasyon Terimler S\u00f6zl\u00fc\u011f\u00fc Kapsaml\u0131 s\u00f6zl\u00fc\u011f\u00fcm\u00fczle Giri\u015fimcilik ve \u0130novasyon terimlerine hakim olun! Bilginizi geli\u015ftirmek, temel terimlere ve tan\u0131mlara kolay eri\u015fim i\u00e7in formu doldurun.<\/p>","protected":false},"author":1,"featured_media":6905,"parent":0,"menu_order":0,"comment_status":"closed","ping_status":"closed","template":"elementor_canvas","meta":{"footnotes":""},"class_list":["post-4061","page","type-page","status-publish","has-post-thumbnail","hentry"],"_links":{"self":[{"href":"https:\/\/torunmetal.com\/tr\/wp-json\/wp\/v2\/pages\/4061","targetHints":{"allow":["GET"]}}],"collection":[{"href":"https:\/\/torunmetal.com\/tr\/wp-json\/wp\/v2\/pages"}],"about":[{"href":"https:\/\/torunmetal.com\/tr\/wp-json\/wp\/v2\/types\/page"}],"author":[{"embeddable":true,"href":"https:\/\/torunmetal.com\/tr\/wp-json\/wp\/v2\/users\/1"}],"replies":[{"embeddable":true,"href":"https:\/\/torunmetal.com\/tr\/wp-json\/wp\/v2\/comments?post=4061"}],"version-history":[{"count":34,"href":"https:\/\/torunmetal.com\/tr\/wp-json\/wp\/v2\/pages\/4061\/revisions"}],"predecessor-version":[{"id":6976,"href":"https:\/\/torunmetal.com\/tr\/wp-json\/wp\/v2\/pages\/4061\/revisions\/6976"}],"wp:featuredmedia":[{"embeddable":true,"href":"https:\/\/torunmetal.com\/tr\/wp-json\/wp\/v2\/media\/6905"}],"wp:attachment":[{"href":"https:\/\/torunmetal.com\/tr\/wp-json\/wp\/v2\/media?parent=4061"}],"curies":[{"name":"wp","href":"https:\/\/api.w.org\/{rel}","templated":true}]}}