{"id":279,"date":"2021-06-01T19:12:32","date_gmt":"2021-06-01T16:12:32","guid":{"rendered":"https:\/\/torunmetal.com\/?page_id=279"},"modified":"2023-11-24T23:11:27","modified_gmt":"2023-11-24T20:11:27","slug":"careers","status":"publish","type":"page","link":"https:\/\/torunmetal.com\/tr\/careers\/","title":{"rendered":"Kariyer"},"content":{"rendered":"<div data-elementor-type=\"wp-page\" data-elementor-id=\"279\" class=\"elementor elementor-279\" data-elementor-post-type=\"page\">\n\t\t\t\t<div class=\"elementor-element elementor-element-d087940 e-con-full e-flex e-con e-parent\" data-id=\"d087940\" data-element_type=\"container\" data-e-type=\"container\" data-settings=\"{&quot;ekit_has_onepagescroll_dot&quot;:&quot;yes&quot;}\">\n\t\t<div class=\"elementor-element elementor-element-a1704d9 e-con-full e-flex e-con e-child\" data-id=\"a1704d9\" data-element_type=\"container\" data-e-type=\"container\" data-settings=\"{&quot;background_background&quot;:&quot;classic&quot;,&quot;ekit_has_onepagescroll_dot&quot;:&quot;yes&quot;}\">\n\t\t\t\t<div class=\"elementor-element elementor-element-f1b97f0 animated-fast elementor-widget elementor-widget-heading\" data-id=\"f1b97f0\" data-element_type=\"widget\" data-e-type=\"widget\" data-settings=\"{&quot;_animation&quot;:&quot;none&quot;,&quot;_animation_delay&quot;:200,&quot;_animation_mobile&quot;:&quot;none&quot;,&quot;ekit_we_effect_on&quot;:&quot;none&quot;}\" data-widget_type=\"heading.default\">\n\t\t\t\t<div class=\"elementor-widget-container\">\n\t\t\t\t\t<h1 class=\"elementor-heading-title elementor-size-default\">Kariyer<\/h1>\t\t\t\t<\/div>\n\t\t\t\t<\/div>\n\t\t\t\t<div class=\"elementor-element elementor-element-3e09f0d elementor-hidden-mobile elementor-widget elementor-widget-text-editor\" data-id=\"3e09f0d\" data-element_type=\"widget\" data-e-type=\"widget\" data-settings=\"{&quot;ekit_we_effect_on&quot;:&quot;none&quot;}\" data-widget_type=\"text-editor.default\">\n\t\t\t\t<div class=\"elementor-widget-container\">\n\t\t\t\t\t\t\t\t\t<p>TORUN'a kat\u0131l\u0131n ve ba\u015far\u0131 hikayemizin bir par\u00e7as\u0131 olun\u00a0<\/p>\t\t\t\t\t\t\t\t<\/div>\n\t\t\t\t<\/div>\n\t\t\t\t<div class=\"elementor-element elementor-element-b53aa0f elementor-widget elementor-widget-text-editor\" data-id=\"b53aa0f\" data-element_type=\"widget\" data-e-type=\"widget\" data-settings=\"{&quot;ekit_we_effect_on&quot;:&quot;none&quot;}\" data-widget_type=\"text-editor.default\">\n\t\t\t\t<div class=\"elementor-widget-container\">\n\t\t\t\t\t\t\t\t\t<p><span style=\"color: #ffffff;\"><a style=\"color: #ffffff;\" href=\"http:\/\/torunmetal.com\/tr\/\">Anasayfa<\/a> &gt; Kariyer<\/span><\/p>\t\t\t\t\t\t\t\t<\/div>\n\t\t\t\t<\/div>\n\t\t\t\t<\/div>\n\t\t\t\t<\/div>\n\t\t<div class=\"elementor-element elementor-element-211a97c e-con-full e-flex e-con e-parent\" data-id=\"211a97c\" data-element_type=\"container\" data-e-type=\"container\" data-settings=\"{&quot;ekit_has_onepagescroll_dot&quot;:&quot;yes&quot;}\">\n\t\t<div class=\"elementor-element elementor-element-36bab73 e-con-full e-flex e-con e-child\" data-id=\"36bab73\" data-element_type=\"container\" data-e-type=\"container\" data-settings=\"{&quot;ekit_has_onepagescroll_dot&quot;:&quot;yes&quot;}\">\n\t\t\t\t<div class=\"elementor-element elementor-element-392b8c5 elementor-widget elementor-widget-image\" data-id=\"392b8c5\" data-element_type=\"widget\" data-e-type=\"widget\" data-settings=\"{&quot;ekit_we_effect_on&quot;:&quot;none&quot;}\" data-widget_type=\"image.default\">\n\t\t\t\t<div class=\"elementor-widget-container\">\n\t\t\t\t\t\t\t\t\t\t\t\t\t\t\t<img fetchpriority=\"high\" decoding=\"async\" width=\"1133\" height=\"609\" src=\"https:\/\/torunmetal.com\/wp-content\/uploads\/2023\/10\/career-1.webp\" class=\"attachment-full size-full wp-image-6162\" alt=\"\" srcset=\"https:\/\/torunmetal.com\/wp-content\/uploads\/2023\/10\/career-1.webp 1133w, https:\/\/torunmetal.com\/wp-content\/uploads\/2023\/10\/career-1-300x161.webp 300w, https:\/\/torunmetal.com\/wp-content\/uploads\/2023\/10\/career-1-1024x550.webp 1024w, https:\/\/torunmetal.com\/wp-content\/uploads\/2023\/10\/career-1-768x413.webp 768w, https:\/\/torunmetal.com\/wp-content\/uploads\/2023\/10\/career-1-18x10.webp 18w\" sizes=\"(max-width: 1133px) 100vw, 1133px\">\t\t\t\t\t\t\t\t\t\t\t\t\t\t\t<\/div>\n\t\t\t\t<\/div>\n\t\t\t\t<\/div>\n\t\t<div class=\"elementor-element elementor-element-8df1a50 e-con-full e-flex e-con e-child\" data-id=\"8df1a50\" data-element_type=\"container\" data-e-type=\"container\" data-settings=\"{&quot;ekit_has_onepagescroll_dot&quot;:&quot;yes&quot;}\">\n\t\t\t\t<div class=\"elementor-element elementor-element-f16bfc8 elementor-widget elementor-widget-heading\" data-id=\"f16bfc8\" data-element_type=\"widget\" data-e-type=\"widget\" data-settings=\"{&quot;ekit_we_effect_on&quot;:&quot;none&quot;}\" data-widget_type=\"heading.default\">\n\t\t\t\t<div class=\"elementor-widget-container\">\n\t\t\t\t\t<h2 class=\"elementor-heading-title elementor-size-default\">Kariyer F\u0131rsatlar\u0131<\/h2>\t\t\t\t<\/div>\n\t\t\t\t<\/div>\n\t\t\t\t<div class=\"elementor-element elementor-element-899df1e elementor-widget elementor-widget-text-editor\" data-id=\"899df1e\" data-element_type=\"widget\" data-e-type=\"widget\" data-settings=\"{&quot;ekit_we_effect_on&quot;:&quot;none&quot;}\" data-widget_type=\"text-editor.default\">\n\t\t\t\t<div class=\"elementor-widget-container\">\n\t\t\t\t\t\t\t\t\t<p>TORUN'da i\u015f unvan\u0131n\u0131zdan \u00e7ok daha fazlas\u0131s\u0131n\u0131z. \u0130nsanlar\u0131n daha uzun, daha sa\u011fl\u0131kl\u0131 ve daha iyi ya\u015famalar\u0131na yat\u0131r\u0131m yapan ba\u015far\u0131l\u0131 bir \u015firketin par\u00e7as\u0131s\u0131n\u0131z. Ayr\u0131ca TORUN'u \u00e7al\u0131\u015fmak i\u00e7in harika bir yer haline getiren pozitif ve \u00f6d\u00fcllendirici bir ortam da sunuyoruz.<\/p><p>Zorlu ve h\u0131zl\u0131 tempolu bir ortamda s\u00fcrekli b\u00fcy\u00fcme f\u0131rsat\u0131yla ilgileniyorsan\u0131z a\u00e7\u0131k pozisyonlar\u0131m\u0131za ba\u015fvurun. TORUN'da sizin i\u00e7in bir yer olabilir.<\/p>\t\t\t\t\t\t\t\t<\/div>\n\t\t\t\t<\/div>\n\t\t\t\t<div class=\"elementor-element elementor-element-41baa50 elementor-mobile-align-center elementor-invisible elementor-widget elementor-widget-button\" data-id=\"41baa50\" data-element_type=\"widget\" data-e-type=\"widget\" data-settings=\"{&quot;_animation&quot;:&quot;fadeInDown&quot;,&quot;ekit_we_effect_on&quot;:&quot;none&quot;}\" data-widget_type=\"button.default\">\n\t\t\t\t<div class=\"elementor-widget-container\">\n\t\t\t\t\t\t\t\t\t<div class=\"elementor-button-wrapper\">\n\t\t\t\t\t<a class=\"elementor-button elementor-button-link elementor-size-sm\" href=\"https:\/\/torunmetal.com\/tr\/careers\/career-opportunities\/\">\n\t\t\t\t\t\t<span class=\"elementor-button-content-wrapper\">\n\t\t\t\t\t\t\t\t\t<span class=\"elementor-button-text\">Detaylar<\/span>\n\t\t\t\t\t<\/span>\n\t\t\t\t\t<\/a>\n\t\t\t\t<\/div>\n\t\t\t\t\t\t\t\t<\/div>\n\t\t\t\t<\/div>\n\t\t\t\t<\/div>\n\t\t\t\t<\/div>\n\t\t<div class=\"elementor-element elementor-element-3c3f188 e-con-full e-flex e-con e-parent\" data-id=\"3c3f188\" data-element_type=\"container\" data-e-type=\"container\" data-settings=\"{&quot;ekit_has_onepagescroll_dot&quot;:&quot;yes&quot;}\">\n\t\t<div class=\"elementor-element elementor-element-8810007 e-con-full e-flex e-con e-child\" data-id=\"8810007\" data-element_type=\"container\" data-e-type=\"container\" data-settings=\"{&quot;ekit_has_onepagescroll_dot&quot;:&quot;yes&quot;}\">\n\t\t\t\t<div class=\"elementor-element elementor-element-01ed296 elementor-widget elementor-widget-heading\" data-id=\"01ed296\" data-element_type=\"widget\" data-e-type=\"widget\" data-settings=\"{&quot;ekit_we_effect_on&quot;:&quot;none&quot;}\" data-widget_type=\"heading.default\">\n\t\t\t\t<div class=\"elementor-widget-container\">\n\t\t\t\t\t<h2 class=\"elementor-heading-title elementor-size-default\">TORUN'da Ya\u015fam<\/h2>\t\t\t\t<\/div>\n\t\t\t\t<\/div>\n\t\t\t\t<div class=\"elementor-element elementor-element-18eeeb2 elementor-widget elementor-widget-text-editor\" data-id=\"18eeeb2\" data-element_type=\"widget\" data-e-type=\"widget\" data-settings=\"{&quot;ekit_we_effect_on&quot;:&quot;none&quot;}\" data-widget_type=\"text-editor.default\">\n\t\t\t\t<div class=\"elementor-widget-container\">\n\t\t\t\t\t\t\t\t\tTORUN \u0130nsan Kaynaklar\u0131 olarak amac\u0131m\u0131z, s\u00fcrd\u00fcr\u00fclebilir, TORUN \u015firket k\u00fclt\u00fcr\u00fc ve de\u011ferleriyle uyumlu insan kaynaklar\u0131 stratejileri geli\u015ftirmek ve uygulamakt\u0131r. Bunu yaparken de yetenekli profesyonellere TORUN'da hayat\u0131n her an\u0131ndan keyif alacaklar\u0131 e\u015fsiz bir \u00e7al\u0131\u015fma ortam\u0131 sunuyoruz.\t\t\t\t\t\t\t\t<\/div>\n\t\t\t\t<\/div>\n\t\t\t\t<\/div>\n\t\t<div class=\"elementor-element elementor-element-b3900d5 e-con-full e-flex e-con e-child\" data-id=\"b3900d5\" data-element_type=\"container\" data-e-type=\"container\" data-settings=\"{&quot;ekit_has_onepagescroll_dot&quot;:&quot;yes&quot;}\">\n\t\t\t\t<div class=\"elementor-element elementor-element-b074ce3 elementor-widget elementor-widget-image\" data-id=\"b074ce3\" data-element_type=\"widget\" data-e-type=\"widget\" data-settings=\"{&quot;ekit_we_effect_on&quot;:&quot;none&quot;}\" data-widget_type=\"image.default\">\n\t\t\t\t<div class=\"elementor-widget-container\">\n\t\t\t\t\t\t\t\t\t\t\t\t\t\t\t<img decoding=\"async\" width=\"1133\" height=\"609\" src=\"https:\/\/torunmetal.com\/wp-content\/uploads\/2023\/10\/career-2.webp\" class=\"attachment-full size-full wp-image-6163\" alt=\"\" srcset=\"https:\/\/torunmetal.com\/wp-content\/uploads\/2023\/10\/career-2.webp 1133w, https:\/\/torunmetal.com\/wp-content\/uploads\/2023\/10\/career-2-300x161.webp 300w, https:\/\/torunmetal.com\/wp-content\/uploads\/2023\/10\/career-2-1024x550.webp 1024w, https:\/\/torunmetal.com\/wp-content\/uploads\/2023\/10\/career-2-768x413.webp 768w, https:\/\/torunmetal.com\/wp-content\/uploads\/2023\/10\/career-2-18x10.webp 18w\" sizes=\"(max-width: 1133px) 100vw, 1133px\">\t\t\t\t\t\t\t\t\t\t\t\t\t\t\t<\/div>\n\t\t\t\t<\/div>\n\t\t\t\t<\/div>\n\t\t\t\t<\/div>\n\t\t<div class=\"elementor-element elementor-element-2a46152 e-con-full e-flex e-con e-parent\" data-id=\"2a46152\" data-element_type=\"container\" data-e-type=\"container\" data-settings=\"{&quot;ekit_has_onepagescroll_dot&quot;:&quot;yes&quot;}\">\n\t\t<div class=\"elementor-element elementor-element-537770a e-con-full e-flex e-con e-child\" data-id=\"537770a\" data-element_type=\"container\" data-e-type=\"container\" data-settings=\"{&quot;ekit_has_onepagescroll_dot&quot;:&quot;yes&quot;}\">\n\t\t\t\t<div class=\"elementor-element elementor-element-08d398e elementor-widget elementor-widget-image\" data-id=\"08d398e\" data-element_type=\"widget\" data-e-type=\"widget\" data-settings=\"{&quot;ekit_we_effect_on&quot;:&quot;none&quot;}\" data-widget_type=\"image.default\">\n\t\t\t\t<div class=\"elementor-widget-container\">\n\t\t\t\t\t\t\t\t\t\t\t\t\t\t\t<img decoding=\"async\" width=\"1133\" height=\"609\" src=\"https:\/\/torunmetal.com\/wp-content\/uploads\/2023\/10\/career-3.webp\" class=\"attachment-full size-full wp-image-6164\" alt=\"\" srcset=\"https:\/\/torunmetal.com\/wp-content\/uploads\/2023\/10\/career-3.webp 1133w, https:\/\/torunmetal.com\/wp-content\/uploads\/2023\/10\/career-3-300x161.webp 300w, https:\/\/torunmetal.com\/wp-content\/uploads\/2023\/10\/career-3-1024x550.webp 1024w, https:\/\/torunmetal.com\/wp-content\/uploads\/2023\/10\/career-3-768x413.webp 768w, https:\/\/torunmetal.com\/wp-content\/uploads\/2023\/10\/career-3-18x10.webp 18w\" sizes=\"(max-width: 1133px) 100vw, 1133px\">\t\t\t\t\t\t\t\t\t\t\t\t\t\t\t<\/div>\n\t\t\t\t<\/div>\n\t\t\t\t<\/div>\n\t\t<div class=\"elementor-element elementor-element-5e75540 e-con-full e-flex e-con e-child\" data-id=\"5e75540\" data-element_type=\"container\" data-e-type=\"container\" data-settings=\"{&quot;ekit_has_onepagescroll_dot&quot;:&quot;yes&quot;}\">\n\t\t\t\t<div class=\"elementor-element elementor-element-6d33767 elementor-widget elementor-widget-heading\" data-id=\"6d33767\" data-element_type=\"widget\" data-e-type=\"widget\" data-settings=\"{&quot;ekit_we_effect_on&quot;:&quot;none&quot;}\" data-widget_type=\"heading.default\">\n\t\t\t\t<div class=\"elementor-widget-container\">\n\t\t\t\t\t<h2 class=\"elementor-heading-title elementor-size-default\">S\u00fcrekli \u00d6\u011frenme<\/h2>\t\t\t\t<\/div>\n\t\t\t\t<\/div>\n\t\t\t\t<div class=\"elementor-element elementor-element-0d2c247 elementor-widget elementor-widget-text-editor\" data-id=\"0d2c247\" data-element_type=\"widget\" data-e-type=\"widget\" data-settings=\"{&quot;ekit_we_effect_on&quot;:&quot;none&quot;}\" data-widget_type=\"text-editor.default\">\n\t\t\t\t<div class=\"elementor-widget-container\">\n\t\t\t\t\t\t\t\t\t<p>Sayg\u0131n \u00fcniversite ve akademilerin destekledi\u011fi e\u011fitim teknolojileriyle harmanlanm\u0131\u015f ya\u015fam boyu \u00f6\u011frenme tutkumuz var. Torun Akademi, akademik ve profesyonel kadrosuyla \u00e7e\u015fitli kategorilerde akredite geli\u015fim programlar\u0131 sa\u011flama konusunda uzmanla\u015fm\u0131\u015f, \u00f6d\u00fcll\u00fc bir akademik kurumdur.<\/p><p>Torun \u00c7ocuk Akademisi, \u00e7ocuklara 21. y\u00fczy\u0131l\u0131n yetkinliklerini kazand\u0131racak programlar sunuyor. \u00a0<\/p><p>Torun Grup vizyonunun bir par\u00e7as\u0131 olarak sadece \u00e7al\u0131\u015fanlar\u0131m\u0131z i\u00e7in de\u011fil, aileleri ve \u00e7ocuklar\u0131 i\u00e7in de geli\u015fime \u00f6nem veriyoruz. Daha iyi bir gelece\u011fin ancak gen\u00e7 nesillerle in\u015fa edilebilece\u011fine inan\u0131yoruz ve bu do\u011frultuda \u00e7al\u0131\u015fanlar\u0131m\u0131z\u0131n \u00e7ocuklar\u0131na y\u00f6nelik \u00e7e\u015fitli projeler ve e\u011fitimler y\u00fcr\u00fcterek becerilerini geli\u015ftirmelerine olanak sa\u011fl\u0131yoruz.<\/p>\t\t\t\t\t\t\t\t<\/div>\n\t\t\t\t<\/div>\n\t\t\t\t<\/div>\n\t\t\t\t<\/div>\n\t\t\t\t<\/div>","protected":false},"excerpt":{"rendered":"<p>Careers Join TORUN and become a part of our success story\u00a0 Home &gt; Careers Career Opportunities At TORUN you are more than your job title. You are part of a successful company that invests in people living longer, healthier and better lives. We also offer a positive, rewarding environment that makes TORUN a great place [&hellip;]<\/p>\n","protected":false},"author":1,"featured_media":0,"parent":0,"menu_order":0,"comment_status":"closed","ping_status":"closed","template":"elementor_header_footer","meta":{"footnotes":""},"class_list":["post-279","page","type-page","status-publish","hentry"],"_links":{"self":[{"href":"https:\/\/torunmetal.com\/tr\/wp-json\/wp\/v2\/pages\/279","targetHints":{"allow":["GET"]}}],"collection":[{"href":"https:\/\/torunmetal.com\/tr\/wp-json\/wp\/v2\/pages"}],"about":[{"href":"https:\/\/torunmetal.com\/tr\/wp-json\/wp\/v2\/types\/page"}],"author":[{"embeddable":true,"href":"https:\/\/torunmetal.com\/tr\/wp-json\/wp\/v2\/users\/1"}],"replies":[{"embeddable":true,"href":"https:\/\/torunmetal.com\/tr\/wp-json\/wp\/v2\/comments?post=279"}],"version-history":[{"count":48,"href":"https:\/\/torunmetal.com\/tr\/wp-json\/wp\/v2\/pages\/279\/revisions"}],"predecessor-version":[{"id":7335,"href":"https:\/\/torunmetal.com\/tr\/wp-json\/wp\/v2\/pages\/279\/revisions\/7335"}],"wp:attachment":[{"href":"https:\/\/torunmetal.com\/tr\/wp-json\/wp\/v2\/media?parent=279"}],"curies":[{"name":"wp","href":"https:\/\/api.w.org\/{rel}","templated":true}]}}