{"id":236,"date":"2021-06-01T18:47:14","date_gmt":"2021-06-01T15:47:14","guid":{"rendered":"https:\/\/torunmetal.com\/?page_id=236"},"modified":"2024-09-18T14:35:23","modified_gmt":"2024-09-18T11:35:23","slug":"sustainability-reports","status":"publish","type":"page","link":"https:\/\/torunmetal.com\/tr\/sustainability\/sustainability-reports\/","title":{"rendered":"S\u00fcrd\u00fcr\u00fclebilirlik Raporlar\u0131"},"content":{"rendered":"<div data-elementor-type=\"wp-page\" data-elementor-id=\"236\" class=\"elementor elementor-236\" data-elementor-post-type=\"page\">\n\t\t\t\t<div class=\"elementor-element elementor-element-df30823 e-con-full e-flex e-con e-parent\" data-id=\"df30823\" data-element_type=\"container\" data-e-type=\"container\" data-settings=\"{&quot;ekit_has_onepagescroll_dot&quot;:&quot;yes&quot;}\">\n\t\t<div class=\"elementor-element elementor-element-2936a9b e-con-full e-flex e-con e-child\" data-id=\"2936a9b\" data-element_type=\"container\" data-e-type=\"container\" data-settings=\"{&quot;background_background&quot;:&quot;classic&quot;,&quot;ekit_has_onepagescroll_dot&quot;:&quot;yes&quot;}\">\n\t\t\t\t<div class=\"elementor-element elementor-element-2f976e9 animated-fast elementor-widget elementor-widget-heading\" data-id=\"2f976e9\" data-element_type=\"widget\" data-e-type=\"widget\" data-settings=\"{&quot;_animation&quot;:&quot;none&quot;,&quot;_animation_delay&quot;:200,&quot;_animation_mobile&quot;:&quot;none&quot;,&quot;ekit_we_effect_on&quot;:&quot;none&quot;}\" data-widget_type=\"heading.default\">\n\t\t\t\t<div class=\"elementor-widget-container\">\n\t\t\t\t\t<h2 class=\"elementor-heading-title elementor-size-default\">S\u00fcrd\u00fcr\u00fclebilirlik Raporlar\u0131<\/h2>\t\t\t\t<\/div>\n\t\t\t\t<\/div>\n\t\t\t\t<div class=\"elementor-element elementor-element-d0c0f2b elementor-widget elementor-widget-text-editor\" data-id=\"d0c0f2b\" data-element_type=\"widget\" data-e-type=\"widget\" data-settings=\"{&quot;ekit_we_effect_on&quot;:&quot;none&quot;}\" data-widget_type=\"text-editor.default\">\n\t\t\t\t<div class=\"elementor-widget-container\">\n\t\t\t\t\t\t\t\t\t<p><span style=\"color: #ffffff;\"><a style=\"color: #ffffff;\" href=\"http:\/\/torunmetal.com\/tr\/\">Anasayfa<\/a> &gt; <a style=\"color: #ffffff;\" href=\"https:\/\/torunmetal.com\/tr\/sustainability\/\">S\u00fcrd\u00fcr\u00fclebilirlik<\/a> &gt; S\u00fcrd\u00fcr\u00fclebilirlik Raporlar\u0131<\/span><\/p>\t\t\t\t\t\t\t\t<\/div>\n\t\t\t\t<\/div>\n\t\t\t\t<\/div>\n\t\t\t\t<\/div>\n\t\t<div class=\"elementor-element elementor-element-420adef e-con-full e-flex e-con e-parent\" data-id=\"420adef\" data-element_type=\"container\" data-e-type=\"container\" data-settings=\"{&quot;ekit_has_onepagescroll_dot&quot;:&quot;yes&quot;}\">\n\t\t<div class=\"elementor-element elementor-element-30a23e5 e-con-full e-flex e-con e-child\" data-id=\"30a23e5\" data-element_type=\"container\" data-e-type=\"container\" data-settings=\"{&quot;ekit_has_onepagescroll_dot&quot;:&quot;yes&quot;}\">\n\t\t\t\t<div class=\"elementor-element elementor-element-535b10b elementor-widget elementor-widget-text-editor\" data-id=\"535b10b\" data-element_type=\"widget\" data-e-type=\"widget\" data-settings=\"{&quot;ekit_we_effect_on&quot;:&quot;none&quot;}\" data-widget_type=\"text-editor.default\">\n\t\t\t\t<div class=\"elementor-widget-container\">\n\t\t\t\t\t\t\t\t\t<p>BM K\u00fcresel \u0130lkeler S\u00f6zle\u015fmesi'ne ve evrensel eti\u011fe ba\u011fl\u0131 bir \u015firket olarak, y\u00fcr\u00fctt\u00fc\u011f\u00fcm\u00fcz her projede insana ve \u00e7evreye olan sorumlulu\u011fumuzu yans\u0131t\u0131yoruz. Y\u0131ll\u0131k ilerlememizi ve gelece\u011fe y\u00f6nelik hedeflerimizi s\u00fcrd\u00fcr\u00fclebilirlik raporlar\u0131m\u0131zda yay\u0131nl\u0131yoruz.<\/p>\t\t\t\t\t\t\t\t<\/div>\n\t\t\t\t<\/div>\n\t\t\t\t<\/div>\n\t\t<div class=\"elementor-element elementor-element-b53ec40 e-con-full e-flex e-con e-child\" data-id=\"b53ec40\" data-element_type=\"container\" data-e-type=\"container\" data-settings=\"{&quot;ekit_has_onepagescroll_dot&quot;:&quot;yes&quot;}\">\n\t\t<div class=\"elementor-element elementor-element-2701972 e-con-full e-flex e-con e-child\" data-id=\"2701972\" data-element_type=\"container\" data-e-type=\"container\" data-settings=\"{&quot;ekit_has_onepagescroll_dot&quot;:&quot;yes&quot;}\">\n\t\t<div class=\"elementor-element elementor-element-3065b7e e-con-full e-flex e-con e-child\" data-id=\"3065b7e\" data-element_type=\"container\" data-e-type=\"container\" data-settings=\"{&quot;ekit_has_onepagescroll_dot&quot;:&quot;yes&quot;}\">\n\t\t\t\t<div class=\"elementor-element elementor-element-78e61ed elementor-widget elementor-widget-image\" data-id=\"78e61ed\" data-element_type=\"widget\" data-e-type=\"widget\" data-settings=\"{&quot;ekit_we_effect_on&quot;:&quot;none&quot;}\" data-widget_type=\"image.default\">\n\t\t\t\t<div class=\"elementor-widget-container\">\n\t\t\t\t\t\t\t\t\t\t\t\t\t\t\t\t<a href=\"https:\/\/torunmetal.com\/wp-content\/uploads\/2024\/09\/TORUN-Sustainability-Report-2023-web.pdf\" target=\"_blank\">\n\t\t\t\t\t\t\t<img fetchpriority=\"high\" decoding=\"async\" width=\"200\" height=\"300\" src=\"https:\/\/torunmetal.com\/wp-content\/uploads\/2024\/09\/cover-sustainability-report-2023.webp\" class=\"attachment-full size-full wp-image-8242\" alt=\"\" srcset=\"https:\/\/torunmetal.com\/wp-content\/uploads\/2024\/09\/cover-sustainability-report-2023.webp 200w, https:\/\/torunmetal.com\/wp-content\/uploads\/2024\/09\/cover-sustainability-report-2023-8x12.webp 8w\" sizes=\"(max-width: 200px) 100vw, 200px\">\t\t\t\t\t\t\t\t<\/a>\n\t\t\t\t\t\t\t\t\t\t\t\t\t\t\t<\/div>\n\t\t\t\t<\/div>\n\t\t\t\t<div class=\"elementor-element elementor-element-561d9c3 elementor-align-center elementor-widget elementor-widget-button\" data-id=\"561d9c3\" data-element_type=\"widget\" data-e-type=\"widget\" data-settings=\"{&quot;ekit_we_effect_on&quot;:&quot;none&quot;}\" data-widget_type=\"button.default\">\n\t\t\t\t<div class=\"elementor-widget-container\">\n\t\t\t\t\t\t\t\t\t<div class=\"elementor-button-wrapper\">\n\t\t\t\t\t<a class=\"elementor-button elementor-button-link elementor-size-sm\" href=\"https:\/\/torunmetal.com\/wp-content\/uploads\/2024\/09\/TORUN-Sustainability-Report-2023-web.pdf\" target=\"_blank\">\n\t\t\t\t\t\t<span class=\"elementor-button-content-wrapper\">\n\t\t\t\t\t\t\t\t\t<span class=\"elementor-button-text\">Sustainability Report 2023<\/span>\n\t\t\t\t\t<\/span>\n\t\t\t\t\t<\/a>\n\t\t\t\t<\/div>\n\t\t\t\t\t\t\t\t<\/div>\n\t\t\t\t<\/div>\n\t\t\t\t<\/div>\n\t\t<div class=\"elementor-element elementor-element-31f6114 e-con-full e-flex e-con e-child\" data-id=\"31f6114\" data-element_type=\"container\" data-e-type=\"container\" data-settings=\"{&quot;ekit_has_onepagescroll_dot&quot;:&quot;yes&quot;}\">\n\t\t\t\t<div class=\"elementor-element elementor-element-feee40b elementor-widget elementor-widget-image\" data-id=\"feee40b\" data-element_type=\"widget\" data-e-type=\"widget\" data-settings=\"{&quot;ekit_we_effect_on&quot;:&quot;none&quot;}\" data-widget_type=\"image.default\">\n\t\t\t\t<div class=\"elementor-widget-container\">\n\t\t\t\t\t\t\t\t\t\t\t\t\t\t\t\t<a href=\"https:\/\/torunmetal.com\/wp-content\/uploads\/2023\/12\/torun-sustainability-report-2022-web.pdf\" target=\"_blank\">\n\t\t\t\t\t\t\t<img decoding=\"async\" width=\"200\" height=\"300\" src=\"https:\/\/torunmetal.com\/wp-content\/uploads\/2023\/12\/cover-sustainability-report-2022.webp\" class=\"attachment-full size-full wp-image-7695\" alt=\"\" srcset=\"https:\/\/torunmetal.com\/wp-content\/uploads\/2023\/12\/cover-sustainability-report-2022.webp 200w, https:\/\/torunmetal.com\/wp-content\/uploads\/2023\/12\/cover-sustainability-report-2022-8x12.webp 8w\" sizes=\"(max-width: 200px) 100vw, 200px\">\t\t\t\t\t\t\t\t<\/a>\n\t\t\t\t\t\t\t\t\t\t\t\t\t\t\t<\/div>\n\t\t\t\t<\/div>\n\t\t\t\t<div class=\"elementor-element elementor-element-9efa56a elementor-align-center elementor-widget elementor-widget-button\" data-id=\"9efa56a\" data-element_type=\"widget\" data-e-type=\"widget\" data-settings=\"{&quot;ekit_we_effect_on&quot;:&quot;none&quot;}\" data-widget_type=\"button.default\">\n\t\t\t\t<div class=\"elementor-widget-container\">\n\t\t\t\t\t\t\t\t\t<div class=\"elementor-button-wrapper\">\n\t\t\t\t\t<a class=\"elementor-button elementor-button-link elementor-size-sm\" href=\"https:\/\/torunmetal.com\/wp-content\/uploads\/2023\/12\/torun-sustainability-report-2022-web.pdf\" target=\"_blank\">\n\t\t\t\t\t\t<span class=\"elementor-button-content-wrapper\">\n\t\t\t\t\t\t\t\t\t<span class=\"elementor-button-text\">S\u00fcrd\u00fcr\u00fclebilirlik Raporu 2022<\/span>\n\t\t\t\t\t<\/span>\n\t\t\t\t\t<\/a>\n\t\t\t\t<\/div>\n\t\t\t\t\t\t\t\t<\/div>\n\t\t\t\t<\/div>\n\t\t\t\t<\/div>\n\t\t<div class=\"elementor-element elementor-element-3551cbf e-con-full e-flex e-con e-child\" data-id=\"3551cbf\" data-element_type=\"container\" data-e-type=\"container\" data-settings=\"{&quot;ekit_has_onepagescroll_dot&quot;:&quot;yes&quot;}\">\n\t\t\t\t<div class=\"elementor-element elementor-element-9d5af04 elementor-widget elementor-widget-image\" data-id=\"9d5af04\" data-element_type=\"widget\" data-e-type=\"widget\" data-settings=\"{&quot;ekit_we_effect_on&quot;:&quot;none&quot;}\" data-widget_type=\"image.default\">\n\t\t\t\t<div class=\"elementor-widget-container\">\n\t\t\t\t\t\t\t\t\t\t\t\t\t\t\t\t<a href=\"https:\/\/torunmetal.com\/wp-content\/uploads\/2022\/07\/TORUN-sustainability-report-CoP-2021-ENG-compressed-medium.pdf\" target=\"_blank\">\n\t\t\t\t\t\t\t<img decoding=\"async\" width=\"200\" height=\"300\" src=\"https:\/\/torunmetal.com\/wp-content\/uploads\/2023\/11\/cover-sustainability-report-2021.webp\" class=\"attachment-full size-full wp-image-7481\" alt=\"\" srcset=\"https:\/\/torunmetal.com\/wp-content\/uploads\/2023\/11\/cover-sustainability-report-2021.webp 200w, https:\/\/torunmetal.com\/wp-content\/uploads\/2023\/11\/cover-sustainability-report-2021-8x12.webp 8w\" sizes=\"(max-width: 200px) 100vw, 200px\">\t\t\t\t\t\t\t\t<\/a>\n\t\t\t\t\t\t\t\t\t\t\t\t\t\t\t<\/div>\n\t\t\t\t<\/div>\n\t\t\t\t<div class=\"elementor-element elementor-element-b4e7663 elementor-align-center elementor-widget elementor-widget-button\" data-id=\"b4e7663\" data-element_type=\"widget\" data-e-type=\"widget\" data-settings=\"{&quot;ekit_we_effect_on&quot;:&quot;none&quot;}\" data-widget_type=\"button.default\">\n\t\t\t\t<div class=\"elementor-widget-container\">\n\t\t\t\t\t\t\t\t\t<div class=\"elementor-button-wrapper\">\n\t\t\t\t\t<a class=\"elementor-button elementor-button-link elementor-size-sm\" href=\"https:\/\/torunmetal.com\/wp-content\/uploads\/2022\/07\/TORUN-sustainability-report-CoP-2021-ENG-compressed-medium.pdf\" target=\"_blank\">\n\t\t\t\t\t\t<span class=\"elementor-button-content-wrapper\">\n\t\t\t\t\t\t\t\t\t<span class=\"elementor-button-text\">S\u00fcrd\u00fcr\u00fclebilirlik Raporu 2021<\/span>\n\t\t\t\t\t<\/span>\n\t\t\t\t\t<\/a>\n\t\t\t\t<\/div>\n\t\t\t\t\t\t\t\t<\/div>\n\t\t\t\t<\/div>\n\t\t\t\t<\/div>\n\t\t<div class=\"elementor-element elementor-element-18b8a06 e-con-full e-flex e-con e-child\" data-id=\"18b8a06\" data-element_type=\"container\" data-e-type=\"container\" data-settings=\"{&quot;ekit_has_onepagescroll_dot&quot;:&quot;yes&quot;}\">\n\t\t\t\t<div class=\"elementor-element elementor-element-3709aaf elementor-widget elementor-widget-image\" data-id=\"3709aaf\" data-element_type=\"widget\" data-e-type=\"widget\" data-settings=\"{&quot;ekit_we_effect_on&quot;:&quot;none&quot;}\" data-widget_type=\"image.default\">\n\t\t\t\t<div class=\"elementor-widget-container\">\n\t\t\t\t\t\t\t\t\t\t\t\t\t\t\t\t<a href=\"https:\/\/torunmetal.com\/wp-content\/uploads\/2021\/08\/Sustainability_Report_2020_COP.pdf\" target=\"_blank\">\n\t\t\t\t\t\t\t<img loading=\"lazy\" decoding=\"async\" width=\"200\" height=\"300\" src=\"https:\/\/torunmetal.com\/wp-content\/uploads\/2023\/11\/cover-sustainability-report-2020.webp\" class=\"attachment-full size-full wp-image-7485\" alt=\"\" srcset=\"https:\/\/torunmetal.com\/wp-content\/uploads\/2023\/11\/cover-sustainability-report-2020.webp 200w, https:\/\/torunmetal.com\/wp-content\/uploads\/2023\/11\/cover-sustainability-report-2020-8x12.webp 8w\" sizes=\"(max-width: 200px) 100vw, 200px\">\t\t\t\t\t\t\t\t<\/a>\n\t\t\t\t\t\t\t\t\t\t\t\t\t\t\t<\/div>\n\t\t\t\t<\/div>\n\t\t\t\t<div class=\"elementor-element elementor-element-7fec3ea elementor-align-center elementor-widget elementor-widget-button\" data-id=\"7fec3ea\" data-element_type=\"widget\" data-e-type=\"widget\" data-settings=\"{&quot;ekit_we_effect_on&quot;:&quot;none&quot;}\" data-widget_type=\"button.default\">\n\t\t\t\t<div class=\"elementor-widget-container\">\n\t\t\t\t\t\t\t\t\t<div class=\"elementor-button-wrapper\">\n\t\t\t\t\t<a class=\"elementor-button elementor-button-link elementor-size-sm\" href=\"https:\/\/torunmetal.com\/wp-content\/uploads\/2021\/08\/Sustainability_Report_2020_COP.pdf\" target=\"_blank\">\n\t\t\t\t\t\t<span class=\"elementor-button-content-wrapper\">\n\t\t\t\t\t\t\t\t\t<span class=\"elementor-button-text\">S\u00fcrd\u00fcr\u00fclebilirlik Raporu 2020<\/span>\n\t\t\t\t\t<\/span>\n\t\t\t\t\t<\/a>\n\t\t\t\t<\/div>\n\t\t\t\t\t\t\t\t<\/div>\n\t\t\t\t<\/div>\n\t\t\t\t<\/div>\n\t\t<div class=\"elementor-element elementor-element-3b17732 e-con-full e-flex e-con e-child\" data-id=\"3b17732\" data-element_type=\"container\" data-e-type=\"container\" data-settings=\"{&quot;ekit_has_onepagescroll_dot&quot;:&quot;yes&quot;}\">\n\t\t\t\t<div class=\"elementor-element elementor-element-974f9f9 elementor-widget elementor-widget-image\" data-id=\"974f9f9\" data-element_type=\"widget\" data-e-type=\"widget\" data-settings=\"{&quot;ekit_we_effect_on&quot;:&quot;none&quot;}\" data-widget_type=\"image.default\">\n\t\t\t\t<div class=\"elementor-widget-container\">\n\t\t\t\t\t\t\t\t\t\t\t\t\t\t\t\t<a href=\"https:\/\/torunmetal.com\/wp-content\/uploads\/2021\/06\/Torun_Endustri_Surdurulebilirlik_Raporu_2019.pdf\" target=\"_blank\">\n\t\t\t\t\t\t\t<img loading=\"lazy\" decoding=\"async\" width=\"200\" height=\"300\" src=\"https:\/\/torunmetal.com\/wp-content\/uploads\/2023\/11\/cover-sustainability-report-2019.webp\" class=\"attachment-full size-full wp-image-7484\" alt=\"\" srcset=\"https:\/\/torunmetal.com\/wp-content\/uploads\/2023\/11\/cover-sustainability-report-2019.webp 200w, https:\/\/torunmetal.com\/wp-content\/uploads\/2023\/11\/cover-sustainability-report-2019-8x12.webp 8w\" sizes=\"(max-width: 200px) 100vw, 200px\">\t\t\t\t\t\t\t\t<\/a>\n\t\t\t\t\t\t\t\t\t\t\t\t\t\t\t<\/div>\n\t\t\t\t<\/div>\n\t\t\t\t<div class=\"elementor-element elementor-element-adfb480 elementor-align-center elementor-widget elementor-widget-button\" data-id=\"adfb480\" data-element_type=\"widget\" data-e-type=\"widget\" data-settings=\"{&quot;ekit_we_effect_on&quot;:&quot;none&quot;}\" data-widget_type=\"button.default\">\n\t\t\t\t<div class=\"elementor-widget-container\">\n\t\t\t\t\t\t\t\t\t<div class=\"elementor-button-wrapper\">\n\t\t\t\t\t<a class=\"elementor-button elementor-button-link elementor-size-sm\" href=\"https:\/\/torunmetal.com\/wp-content\/uploads\/2021\/06\/Torun_Endustri_Surdurulebilirlik_Raporu_2019.pdf\" target=\"_blank\">\n\t\t\t\t\t\t<span class=\"elementor-button-content-wrapper\">\n\t\t\t\t\t\t\t\t\t<span class=\"elementor-button-text\">S\u00fcrd\u00fcr\u00fclebilirlik Raporu 2019<\/span>\n\t\t\t\t\t<\/span>\n\t\t\t\t\t<\/a>\n\t\t\t\t<\/div>\n\t\t\t\t\t\t\t\t<\/div>\n\t\t\t\t<\/div>\n\t\t\t\t<\/div>\n\t\t<div class=\"elementor-element elementor-element-d48b7b5 e-con-full e-flex e-con e-child\" data-id=\"d48b7b5\" data-element_type=\"container\" data-e-type=\"container\" data-settings=\"{&quot;ekit_has_onepagescroll_dot&quot;:&quot;yes&quot;}\">\n\t\t\t\t<div class=\"elementor-element elementor-element-b7d7d76 elementor-widget elementor-widget-image\" data-id=\"b7d7d76\" data-element_type=\"widget\" data-e-type=\"widget\" data-settings=\"{&quot;ekit_we_effect_on&quot;:&quot;none&quot;}\" data-widget_type=\"image.default\">\n\t\t\t\t<div class=\"elementor-widget-container\">\n\t\t\t\t\t\t\t\t\t\t\t\t\t\t\t\t<a href=\"https:\/\/torunmetal.com\/wp-content\/uploads\/2021\/06\/Torun_Bakir_Surdurulebilirlik_Raporu_2018.pdf\" target=\"_blank\">\n\t\t\t\t\t\t\t<img loading=\"lazy\" decoding=\"async\" width=\"200\" height=\"300\" src=\"https:\/\/torunmetal.com\/wp-content\/uploads\/2023\/11\/cover-sustainability-report-2018.webp\" class=\"attachment-full size-full wp-image-7483\" alt=\"\" srcset=\"https:\/\/torunmetal.com\/wp-content\/uploads\/2023\/11\/cover-sustainability-report-2018.webp 200w, https:\/\/torunmetal.com\/wp-content\/uploads\/2023\/11\/cover-sustainability-report-2018-8x12.webp 8w\" sizes=\"(max-width: 200px) 100vw, 200px\">\t\t\t\t\t\t\t\t<\/a>\n\t\t\t\t\t\t\t\t\t\t\t\t\t\t\t<\/div>\n\t\t\t\t<\/div>\n\t\t\t\t<div class=\"elementor-element elementor-element-d934a97 elementor-align-center elementor-widget elementor-widget-button\" data-id=\"d934a97\" data-element_type=\"widget\" data-e-type=\"widget\" data-settings=\"{&quot;ekit_we_effect_on&quot;:&quot;none&quot;}\" data-widget_type=\"button.default\">\n\t\t\t\t<div class=\"elementor-widget-container\">\n\t\t\t\t\t\t\t\t\t<div class=\"elementor-button-wrapper\">\n\t\t\t\t\t<a class=\"elementor-button elementor-button-link elementor-size-sm\" href=\"https:\/\/torunmetal.com\/wp-content\/uploads\/2021\/06\/Torun_Bakir_Surdurulebilirlik_Raporu_2018.pdf\" target=\"_blank\">\n\t\t\t\t\t\t<span class=\"elementor-button-content-wrapper\">\n\t\t\t\t\t\t\t\t\t<span class=\"elementor-button-text\">S\u00fcrd\u00fcr\u00fclebilirlik Raporu 2018<\/span>\n\t\t\t\t\t<\/span>\n\t\t\t\t\t<\/a>\n\t\t\t\t<\/div>\n\t\t\t\t\t\t\t\t<\/div>\n\t\t\t\t<\/div>\n\t\t\t\t<\/div>\n\t\t\t\t<\/div>\n\t\t\t\t<\/div>\n\t\t\t\t<\/div>\n\t\t\t\t<\/div>","protected":false},"excerpt":{"rendered":"<p>Sustainability Reports Home &gt; Sustainability &gt; Sustainability Reports As a company committed to the UN Global Compact and universal ethics, we reflect our responsibility for human and the environment in every project we carry out. We publish our yearly progress and future ambitions in our sustainability reports. Sustainability Report 2023 Sustainability Report 2022 Sustainability Report [&hellip;]<\/p>\n","protected":false},"author":1,"featured_media":7770,"parent":4270,"menu_order":0,"comment_status":"closed","ping_status":"closed","template":"elementor_header_footer","meta":{"footnotes":""},"class_list":["post-236","page","type-page","status-publish","has-post-thumbnail","hentry"],"_links":{"self":[{"href":"https:\/\/torunmetal.com\/tr\/wp-json\/wp\/v2\/pages\/236","targetHints":{"allow":["GET"]}}],"collection":[{"href":"https:\/\/torunmetal.com\/tr\/wp-json\/wp\/v2\/pages"}],"about":[{"href":"https:\/\/torunmetal.com\/tr\/wp-json\/wp\/v2\/types\/page"}],"author":[{"embeddable":true,"href":"https:\/\/torunmetal.com\/tr\/wp-json\/wp\/v2\/users\/1"}],"replies":[{"embeddable":true,"href":"https:\/\/torunmetal.com\/tr\/wp-json\/wp\/v2\/comments?post=236"}],"version-history":[{"count":50,"href":"https:\/\/torunmetal.com\/tr\/wp-json\/wp\/v2\/pages\/236\/revisions"}],"predecessor-version":[{"id":8262,"href":"https:\/\/torunmetal.com\/tr\/wp-json\/wp\/v2\/pages\/236\/revisions\/8262"}],"up":[{"embeddable":true,"href":"https:\/\/torunmetal.com\/tr\/wp-json\/wp\/v2\/pages\/4270"}],"wp:featuredmedia":[{"embeddable":true,"href":"https:\/\/torunmetal.com\/tr\/wp-json\/wp\/v2\/media\/7770"}],"wp:attachment":[{"href":"https:\/\/torunmetal.com\/tr\/wp-json\/wp\/v2\/media?parent=236"}],"curies":[{"name":"wp","href":"https:\/\/api.w.org\/{rel}","templated":true}]}}